{"id":5256,"date":"2019-10-20T12:11:02","date_gmt":"2019-10-20T16:11:02","guid":{"rendered":"https:\/\/www.unitedrentacar.cl\/pt\/?page_id=5256"},"modified":"2019-10-20T12:11:02","modified_gmt":"2019-10-20T16:11:02","slug":"filial-calama","status":"publish","type":"page","link":"https:\/\/www.unitedrentacar.cl\/pt\/filial-calama\/","title":{"rendered":"Filial Calama"},"content":{"rendered":"<div  class=\"one withsmallpadding ppb_text\" style=\"text-align:left;padding:30px 0 30px 0;\" >\n<div class=\"standard_wrapper\">\n<div class=\"page_content_wrapper\">\n<div class=\"inner\">\n<div style=\"margin:auto;width:100%\">\n<h2 style=\"color: #042c8e;\">N\u00f3s pousamos em Calama!<\/h2>\n<p>Temos o prazer de anunciar nossa chegada ao aeroporto <strong>El Loa de Calama (CJC)<\/strong>, com a abertura de uma nova ag\u00eancia localizada no sagu\u00e3o principal do aeroporto.<\/p>\n<p>Estaremos presentes para contar em 1\u00ba de outubro de 2019 com uma sele\u00e7\u00e3o de carros e SUVs. Reserve online e aproveite os descontos de lan\u00e7amento!<\/p>\n<p>Para mais informa\u00e7\u00f5es escreva para <a href=\"mailto:info@unitedrentacar.cl\"><u>info@unitedrentacar.cl<\/u><\/a><\/p>\n<\/div>\n<\/div>\n<\/div>\n<\/div>\n<\/div>\n<div  class=\"one withsmallpadding ppb_text\" style=\"text-align:left;padding:30px 0 30px 0;\" >\n<div class=\"standard_wrapper\">\n<div class=\"page_content_wrapper\">\n<div class=\"inner\">\n<div style=\"margin:auto;width:100%\">\n<div class=\"one_half \" style=\"\">\n<h5 class=\"space\">Calama Airport<\/h5>\n<div class=\"map_shortcode_wrapper\" id=\"map15715878621388817502\" style=\"width:700px;height:400px\">\n<div class=\"map-marker\" data-latlng=\"-22.4954026,-68.9073692\" ><\/div>\n<\/div>\n<\/div>\n<\/div>\n<\/div>\n<\/div>\n<\/div>\n<\/div>\n","protected":false},"excerpt":{"rendered":"<p>N\u00f3s pousamos em Calama! Temos o prazer de anunciar nossa chegada ao aeroporto El Loa de Calama (CJC), com a abertura de uma nova ag\u00eancia localizada no sagu\u00e3o principal do aeroporto. Estaremos presentes para contar em 1\u00ba de outubro de [&hellip;]<\/p>\n","protected":false},"author":2,"featured_media":5255,"parent":0,"menu_order":0,"comment_status":"closed","ping_status":"closed","template":"","meta":{"_acf_changed":false,"_monsterinsights_skip_tracking":false,"_monsterinsights_sitenote_active":false,"_monsterinsights_sitenote_note":"","_monsterinsights_sitenote_category":0,"footnotes":""},"class_list":["post-5256","page","type-page","status-publish","has-post-thumbnail","hentry"],"acf":[],"yoast_head":"<!-- This site is optimized with the Yoast SEO plugin v27.1.1 - https:\/\/yoast.com\/product\/yoast-seo-wordpress\/ -->\n<title>Filial Calama | United Rent-A-Car<\/title>\n<meta name=\"robots\" content=\"index, follow, max-snippet:-1, max-image-preview:large, max-video-preview:-1\" \/>\n<link rel=\"canonical\" href=\"https:\/\/www.unitedrentacar.cl\/pt\/filial-calama\/\" \/>\n<meta property=\"og:locale\" content=\"pt_BR\" \/>\n<meta property=\"og:type\" content=\"article\" \/>\n<meta property=\"og:title\" content=\"Filial Calama | United Rent-A-Car\" \/>\n<meta property=\"og:description\" content=\"N\u00f3s pousamos em Calama! Temos o prazer de anunciar nossa chegada ao aeroporto El Loa de Calama (CJC), com a abertura de uma nova ag\u00eancia localizada no sagu\u00e3o principal do aeroporto. Estaremos presentes para contar em 1\u00ba de outubro de [&hellip;]\" \/>\n<meta property=\"og:url\" content=\"https:\/\/www.unitedrentacar.cl\/pt\/filial-calama\/\" \/>\n<meta property=\"og:site_name\" content=\"United Rent-A-Car\" \/>\n<meta property=\"article:publisher\" content=\"https:\/\/www.facebook.com\/unitedrentacarchile\" \/>\n<meta property=\"og:image\" content=\"https:\/\/www.unitedrentacar.cl\/pt\/wp-content\/uploads\/2019\/10\/pagina-sucursal-calama.jpg\" \/>\n\t<meta property=\"og:image:width\" content=\"1642\" \/>\n\t<meta property=\"og:image:height\" content=\"722\" \/>\n\t<meta property=\"og:image:type\" content=\"image\/jpeg\" \/>\n<meta name=\"twitter:card\" content=\"summary_large_image\" \/>\n<script type=\"application\/ld+json\" class=\"yoast-schema-graph\">{\"@context\":\"https:\/\/schema.org\",\"@graph\":[{\"@type\":\"WebPage\",\"@id\":\"https:\/\/www.unitedrentacar.cl\/pt\/filial-calama\/\",\"url\":\"https:\/\/www.unitedrentacar.cl\/pt\/filial-calama\/\",\"name\":\"Filial Calama | United Rent-A-Car\",\"isPartOf\":{\"@id\":\"https:\/\/www.unitedrentacar.cl\/pt\/#website\"},\"primaryImageOfPage\":{\"@id\":\"https:\/\/www.unitedrentacar.cl\/pt\/filial-calama\/#primaryimage\"},\"image\":{\"@id\":\"https:\/\/www.unitedrentacar.cl\/pt\/filial-calama\/#primaryimage\"},\"thumbnailUrl\":\"https:\/\/www.unitedrentacar.cl\/pt\/wp-content\/uploads\/2019\/10\/pagina-sucursal-calama.jpg\",\"datePublished\":\"2019-10-20T16:11:02+00:00\",\"inLanguage\":\"pt-BR\",\"potentialAction\":[{\"@type\":\"ReadAction\",\"target\":[\"https:\/\/www.unitedrentacar.cl\/pt\/filial-calama\/\"]}]},{\"@type\":\"ImageObject\",\"inLanguage\":\"pt-BR\",\"@id\":\"https:\/\/www.unitedrentacar.cl\/pt\/filial-calama\/#primaryimage\",\"url\":\"https:\/\/www.unitedrentacar.cl\/pt\/wp-content\/uploads\/2019\/10\/pagina-sucursal-calama.jpg\",\"contentUrl\":\"https:\/\/www.unitedrentacar.cl\/pt\/wp-content\/uploads\/2019\/10\/pagina-sucursal-calama.jpg\",\"width\":1642,\"height\":722},{\"@type\":\"WebSite\",\"@id\":\"https:\/\/www.unitedrentacar.cl\/pt\/#website\",\"url\":\"https:\/\/www.unitedrentacar.cl\/pt\/\",\"name\":\"United Rent-A-Car\",\"description\":\"Aluguel de Carros no Chile\",\"publisher\":{\"@id\":\"https:\/\/www.unitedrentacar.cl\/pt\/#organization\"},\"potentialAction\":[{\"@type\":\"SearchAction\",\"target\":{\"@type\":\"EntryPoint\",\"urlTemplate\":\"https:\/\/www.unitedrentacar.cl\/pt\/?s={search_term_string}\"},\"query-input\":{\"@type\":\"PropertyValueSpecification\",\"valueRequired\":true,\"valueName\":\"search_term_string\"}}],\"inLanguage\":\"pt-BR\"},{\"@type\":\"Organization\",\"@id\":\"https:\/\/www.unitedrentacar.cl\/pt\/#organization\",\"name\":\"United Rent A Car\",\"url\":\"https:\/\/www.unitedrentacar.cl\/pt\/\",\"logo\":{\"@type\":\"ImageObject\",\"inLanguage\":\"pt-BR\",\"@id\":\"https:\/\/www.unitedrentacar.cl\/pt\/#\/schema\/logo\/image\/\",\"url\":\"https:\/\/www.unitedrentacar.cl\/pt\/wp-content\/uploads\/2018\/11\/logo-pt.png\",\"contentUrl\":\"https:\/\/www.unitedrentacar.cl\/pt\/wp-content\/uploads\/2018\/11\/logo-pt.png\",\"width\":277,\"height\":73,\"caption\":\"United Rent A Car\"},\"image\":{\"@id\":\"https:\/\/www.unitedrentacar.cl\/pt\/#\/schema\/logo\/image\/\"},\"sameAs\":[\"https:\/\/www.facebook.com\/unitedrentacarchile\"]}]}<\/script>\n<!-- \/ Yoast SEO plugin. -->","yoast_head_json":{"title":"Filial Calama | United Rent-A-Car","robots":{"index":"index","follow":"follow","max-snippet":"max-snippet:-1","max-image-preview":"max-image-preview:large","max-video-preview":"max-video-preview:-1"},"canonical":"https:\/\/www.unitedrentacar.cl\/pt\/filial-calama\/","og_locale":"pt_BR","og_type":"article","og_title":"Filial Calama | United Rent-A-Car","og_description":"N\u00f3s pousamos em Calama! Temos o prazer de anunciar nossa chegada ao aeroporto El Loa de Calama (CJC), com a abertura de uma nova ag\u00eancia localizada no sagu\u00e3o principal do aeroporto. Estaremos presentes para contar em 1\u00ba de outubro de [&hellip;]","og_url":"https:\/\/www.unitedrentacar.cl\/pt\/filial-calama\/","og_site_name":"United Rent-A-Car","article_publisher":"https:\/\/www.facebook.com\/unitedrentacarchile","og_image":[{"width":1642,"height":722,"url":"https:\/\/www.unitedrentacar.cl\/pt\/wp-content\/uploads\/2019\/10\/pagina-sucursal-calama.jpg","type":"image\/jpeg"}],"twitter_card":"summary_large_image","schema":{"@context":"https:\/\/schema.org","@graph":[{"@type":"WebPage","@id":"https:\/\/www.unitedrentacar.cl\/pt\/filial-calama\/","url":"https:\/\/www.unitedrentacar.cl\/pt\/filial-calama\/","name":"Filial Calama | United Rent-A-Car","isPartOf":{"@id":"https:\/\/www.unitedrentacar.cl\/pt\/#website"},"primaryImageOfPage":{"@id":"https:\/\/www.unitedrentacar.cl\/pt\/filial-calama\/#primaryimage"},"image":{"@id":"https:\/\/www.unitedrentacar.cl\/pt\/filial-calama\/#primaryimage"},"thumbnailUrl":"https:\/\/www.unitedrentacar.cl\/pt\/wp-content\/uploads\/2019\/10\/pagina-sucursal-calama.jpg","datePublished":"2019-10-20T16:11:02+00:00","inLanguage":"pt-BR","potentialAction":[{"@type":"ReadAction","target":["https:\/\/www.unitedrentacar.cl\/pt\/filial-calama\/"]}]},{"@type":"ImageObject","inLanguage":"pt-BR","@id":"https:\/\/www.unitedrentacar.cl\/pt\/filial-calama\/#primaryimage","url":"https:\/\/www.unitedrentacar.cl\/pt\/wp-content\/uploads\/2019\/10\/pagina-sucursal-calama.jpg","contentUrl":"https:\/\/www.unitedrentacar.cl\/pt\/wp-content\/uploads\/2019\/10\/pagina-sucursal-calama.jpg","width":1642,"height":722},{"@type":"WebSite","@id":"https:\/\/www.unitedrentacar.cl\/pt\/#website","url":"https:\/\/www.unitedrentacar.cl\/pt\/","name":"United Rent-A-Car","description":"Aluguel de Carros no Chile","publisher":{"@id":"https:\/\/www.unitedrentacar.cl\/pt\/#organization"},"potentialAction":[{"@type":"SearchAction","target":{"@type":"EntryPoint","urlTemplate":"https:\/\/www.unitedrentacar.cl\/pt\/?s={search_term_string}"},"query-input":{"@type":"PropertyValueSpecification","valueRequired":true,"valueName":"search_term_string"}}],"inLanguage":"pt-BR"},{"@type":"Organization","@id":"https:\/\/www.unitedrentacar.cl\/pt\/#organization","name":"United Rent A Car","url":"https:\/\/www.unitedrentacar.cl\/pt\/","logo":{"@type":"ImageObject","inLanguage":"pt-BR","@id":"https:\/\/www.unitedrentacar.cl\/pt\/#\/schema\/logo\/image\/","url":"https:\/\/www.unitedrentacar.cl\/pt\/wp-content\/uploads\/2018\/11\/logo-pt.png","contentUrl":"https:\/\/www.unitedrentacar.cl\/pt\/wp-content\/uploads\/2018\/11\/logo-pt.png","width":277,"height":73,"caption":"United Rent A Car"},"image":{"@id":"https:\/\/www.unitedrentacar.cl\/pt\/#\/schema\/logo\/image\/"},"sameAs":["https:\/\/www.facebook.com\/unitedrentacarchile"]}]}},"_links":{"self":[{"href":"https:\/\/www.unitedrentacar.cl\/pt\/wp-json\/wp\/v2\/pages\/5256","targetHints":{"allow":["GET"]}}],"collection":[{"href":"https:\/\/www.unitedrentacar.cl\/pt\/wp-json\/wp\/v2\/pages"}],"about":[{"href":"https:\/\/www.unitedrentacar.cl\/pt\/wp-json\/wp\/v2\/types\/page"}],"author":[{"embeddable":true,"href":"https:\/\/www.unitedrentacar.cl\/pt\/wp-json\/wp\/v2\/users\/2"}],"replies":[{"embeddable":true,"href":"https:\/\/www.unitedrentacar.cl\/pt\/wp-json\/wp\/v2\/comments?post=5256"}],"version-history":[{"count":3,"href":"https:\/\/www.unitedrentacar.cl\/pt\/wp-json\/wp\/v2\/pages\/5256\/revisions"}],"predecessor-version":[{"id":5259,"href":"https:\/\/www.unitedrentacar.cl\/pt\/wp-json\/wp\/v2\/pages\/5256\/revisions\/5259"}],"wp:featuredmedia":[{"embeddable":true,"href":"https:\/\/www.unitedrentacar.cl\/pt\/wp-json\/wp\/v2\/media\/5255"}],"wp:attachment":[{"href":"https:\/\/www.unitedrentacar.cl\/pt\/wp-json\/wp\/v2\/media?parent=5256"}],"curies":[{"name":"wp","href":"https:\/\/api.w.org\/{rel}","templated":true}]}}