{"id":5101,"date":"2019-03-08T16:41:03","date_gmt":"2019-03-08T20:41:03","guid":{"rendered":"https:\/\/www.unitedrentacar.cl\/pt\/?page_id=5101"},"modified":"2024-10-21T12:55:20","modified_gmt":"2024-10-21T15:55:20","slug":"servicos-coberturas","status":"publish","type":"page","link":"https:\/\/www.unitedrentacar.cl\/pt\/servicos-coberturas\/","title":{"rendered":"Servi\u00e7os Adicionais e Coberturas"},"content":{"rendered":"<div  class=\"one withsmallpadding ppb_header \" style=\"text-align:left;padding:40px 0 40px 0;\" >\n<div class=\"standard_wrapper\">\n<div class=\"page_content_wrapper\">\n<div class=\"inner\">\n<div style=\"margin:auto;width:80%\">\n<div class=\"ppb_header_content\">\n<h2 style=\"color: #042c8e;\">Complemente sua viagem com nossos servi\u00e7os e coberturas opcionais<\/h2>\n<p>Viaje de forma mais confort\u00e1vel e tranquilo, adicionando cobertura de seguro adicional e servi\u00e7os opcionais. Explore aqui a gama de produtos que oferecemos para enriquecer sua experi\u00eancia de viagem. Voc\u00ea pode selecion\u00e1-los no momento de fazer sua reserva (recomendado) ou quando voc\u00ea pegue seu ve\u00edculo.<\/p>\n<h4 style=\"color: #042c8e;\">Coberturas Adicionais:<\/h4>\n<div style=\"overflow-x: auto;\">\n<table style=\"font-size: 0.85em;\" summary=\"Coberturas Adicionales\">\n<thead>\n<tr>\n<th style=\"width: 25%;\" scope=\"col\">Producto<\/th>\n<th style=\"width: 40%;\" scope=\"col\">Descri\u00e7\u00e3o<\/th>\n<th style=\"width: 15%;\" scope=\"col\">Tamanho*<\/th>\n<th style=\"text-align: right;\" scope=\"col\">Pre\u00e7o<\/th>\n<\/tr>\n<\/thead>\n<tbody>\n<tr>\n<td style=\"vertical-align: top; text-align: left;\" rowspan=\"3\">Cobertura <strong>Assistance<\/strong><\/td>\n<td style=\"vertical-align: top; text-align: left;\" rowspan=\"3\">\u00c0 cobertura <i>Standard<\/i> inclu\u00edda no aluguel se adiciona Assist\u00eancia em Rota.<br \/>\n<a href=\"https:\/\/www.unitedrentacar.cl\/pt\/politica-de-renta\/#seg\">Mais informa\u00e7\u00e3o ><\/a><\/td>\n<td>Small<\/td>\n<td style=\"text-align: right;\">CLP 1.490\/dia<\/td>\n<\/tr>\n<tr>\n<td>Medium<\/td>\n<td style=\"text-align: right;\">CLP 1.490\/dia<\/td>\n<\/tr>\n<tr>\n<td>Large<\/td>\n<td style=\"text-align: right;\">CLP 1.490\/dia<\/td>\n<\/tr>\n<tr>\n<td style=\"vertical-align: top; text-align: left;\" rowspan=\"3\">Cobertura <strong>Plus<\/strong><\/td>\n<td style=\"vertical-align: top; text-align: left;\" rowspan=\"3\">\u00c1 cobertura <i>Assistance<\/i> se adiciona Redu\u00e7\u00e3o do Deduz\u00edvel\/Franquia a CLP 350.000 (RDD) e Responsabilidade Civil Suplementar (SLP) que aumenta o limite por responsabilidade civil a CLP 28.300.000.<br \/>\n<a href=\"https:\/\/www.unitedrentacar.cl\/pt\/politica-de-renta\/#seg\">Mais informa\u00e7\u00e3o ><\/a><\/td>\n<td>Small<\/td>\n<td style=\"text-align: right;\">CLP 2.990\/dia<\/td>\n<\/tr>\n<tr>\n<td>Medium<\/td>\n<td style=\"text-align: right;\">CLP 4.990\/dia<\/td>\n<\/tr>\n<tr>\n<td>Large<\/td>\n<td style=\"text-align: right;\">CLP 6.990\/dia<\/td>\n<\/tr>\n<tr>\n<td style=\"vertical-align: top; text-align: left;\" rowspan=\"3\">Cobertura <strong>Premium<\/strong><\/td>\n<td style=\"vertical-align: top; text-align: left;\" rowspan=\"3\">\u00c1 cobertura <i>Plus<\/i> se adiciona Redu\u00e7\u00e3o do Deduz\u00edvel\/Franquia a CLP 250.000 (RDD+) e Responsabilidade Civil Suplementar (SLP+) que aumenta o limite por responsabilidade civil e danos a terceiros a CLP 42.450.000.<br \/>\n<a href=\"https:\/\/www.unitedrentacar.cl\/pt\/politica-de-renta\/#seg\">Mais informa\u00e7\u00e3o ><\/a><\/td>\n<td>Small<\/td>\n<td style=\"text-align: right;\">CLP 5.990\/dia<\/td>\n<\/tr>\n<tr>\n<td>Medium<\/td>\n<td style=\"text-align: right;\">CLP 7.990\/dia<\/td>\n<\/tr>\n<tr>\n<td>Large<\/td>\n<td style=\"text-align: right;\">CLP 9.990\/dia<\/td>\n<\/tr>\n<tr>\n<td style=\"vertical-align: top; text-align: left;\" rowspan=\"3\">Cobertura <strong>Super Protection<\/strong><br \/>\n<i>Para m\u00e1xima tranquilidade<\/i><\/td>\n<td style=\"vertical-align: top; text-align: left;\" rowspan=\"3\">\u00c1 cobertura <i>Premium<\/i> se adiciona Exonera\u00e7\u00e3o de Deduz\u00edvel\/Franquia (EDD) que exonera o locat\u00e1rio do pagamento do deduz\u00edvel de CDW y Cobertura de Acess\u00f3rios (SACA) e se aumenta os limites de AR e SLP.<br \/>\n<a href=\"https:\/\/www.unitedrentacar.cl\/pt\/politica-de-renta\/#seg\">Mais informa\u00e7\u00e3o ><\/a><\/td>\n<td>Small<\/td>\n<td style=\"text-align: right;\">CLP 12.990\/dia<\/td>\n<\/tr>\n<tr>\n<td>Medium<\/td>\n<td style=\"text-align: right;\">CLP 13.990\/dia<\/td>\n<\/tr>\n<tr>\n<td>Large<\/td>\n<td style=\"text-align: right;\">CLP 14.990\/dia<\/td>\n<\/tr>\n<\/tbody>\n<\/table>\n<\/div>\n<p>*Tamanhos e categorias:<\/p>\n<div style=\"overflow-x: auto;\">\n<table style=\"font-size: 0.85em;\" summary=\"Tamanos\">\n<thead>\n<tr>\n<th style=\"text-align: left;\" scope=\"col\" width=\"16%\">Tamanho<\/th>\n<th style=\"text-align: left;\" scope=\"col\">Categoria<\/th>\n<\/tr>\n<\/thead>\n<tbody>\n<tr>\n<td style=\"vertical-align: top; text-align: left;\">Small<\/td>\n<td style=\"text-align: left;\">Citycar Plus, Compact, Economy, Furg\u00f3n Gasolina, Furg\u00f3n Plus Gasolina, Pickup CS, Pickup Sport<\/td>\n<\/tr>\n<tr>\n<td style=\"vertical-align: top; text-align: left;\">Medium<\/td>\n<td style=\"text-align: left;\">Medium Elite MT\/AT, Full Elite AT, Crossover MT\/AT, Pickup DC Gasolina, Pickup DC Diesel, Furg\u00f3n Diesel<\/td>\n<\/tr>\n<tr>\n<td style=\"vertical-align: top; text-align: left;\">Large<\/td>\n<td style=\"text-align: left;\">SUV, SUV Elite, City Van, Minivan, Minibus, Pickup 4&#215;4 Diesel<\/td>\n<\/tr>\n<\/tbody>\n<\/table>\n<\/div>\n<h4 style=\"color: #042c8e;\">Equipamentos Opcionais:<\/h4>\n<div style=\"overflow-x: auto;\">\n<table style=\"font-size: 0.85em;\" summary=\"Equipamentos Opcionais\">\n<thead>\n<tr>\n<th scope=\"col\">Producto<\/th>\n<th scope=\"col\">Descri\u00e7\u00e3o<\/th>\n<th scope=\"col\">Pre\u00e7o<\/th>\n<\/tr>\n<\/thead>\n<tbody>\n<tr>\n<td style=\"width: 20%; vertical-align: middle;\"><img loading=\"lazy\" decoding=\"async\" title=\"Cadeira do beb\u00ea\" src=\"https:\/\/www.unitedrentacar.cl\/pt\/wp-content\/uploads\/2019\/03\/icon-silla-bebe.jpg\" alt=\"Cadeira do beb\u00ea\" width=\"75\" height=\"75\" \/><\/td>\n<td style=\"width: 60%; vertical-align: top;\"><strong>Cadeira do Crian\u00e7a<\/strong><br \/>\nPara crian\u00e7as de 9 a 18 kg. (exigido por lei)<\/td>\n<td style=\"width: 20%; vertical-align: top;\">CLP 3.500\/Dia<\/td>\n<\/tr>\n<tr>\n<td style=\"vertical-align: middle;\"><img loading=\"lazy\" decoding=\"async\" title=\"Assento de eleva\u00e7\u00e3o\" src=\"https:\/\/www.unitedrentacar.cl\/pt\/wp-content\/uploads\/2019\/03\/icon-silla-booster.jpg\" alt=\"Assento de eleva\u00e7\u00e3o\" width=\"75\" height=\"89\" \/><\/td>\n<td style=\"vertical-align: top;\"><strong>Assento de Eleva\u00e7\u00e3o<\/strong><br \/>\nPara crian\u00e7as de 15 a 36 kg. (exigido por lei para crian\u00e7as at\u00e9 aos 9 anos de idade)<\/td>\n<td style=\"vertical-align: top;\">CLP 3.500\/Dia<\/td>\n<\/tr>\n<tr>\n<td style=\"vertical-align: middle;\"><img loading=\"lazy\" decoding=\"async\" title=\"Rack de esqui\" src=\"https:\/\/www.unitedrentacar.cl\/pt\/wp-content\/uploads\/2019\/03\/icon-porta-ski.jpg\" alt=\"Rack de esqui\" width=\"75\" height=\"62\" \/><\/td>\n<td style=\"vertical-align: top;\"><strong>Rack de Esqui<\/strong><br \/>\nSuporte de esqui magn\u00e9tico para 2 pares de esqui ou 1 snowboard<\/td>\n<td style=\"vertical-align: top;\">CLP 9.990\/Dia<\/td>\n<\/tr>\n<tr>\n<td style=\"vertical-align: middle;\"><img loading=\"lazy\" decoding=\"async\" title=\"Correntes de neve\" src=\"https:\/\/www.unitedrentacar.cl\/pt\/wp-content\/uploads\/2019\/03\/icon-cadenas-nieve.jpg\" alt=\"Correntes de neve\" width=\"75\" height=\"74\" \/><\/td>\n<td style=\"vertical-align: top;\"><strong>Correntes de Nevee<\/strong><br \/>\n\u00c9 um requisito transportar correntes de neve em estradas montanhosas durante os meses de inverno (junho a setembro).<\/td>\n<td style=\"vertical-align: top;\">CLP 4.990\/Dia<\/td>\n<\/tr>\n<\/tbody>\n<\/table>\n<\/div>\n<h4 style=\"color: #042c8e;\">Servi\u00e7os Opcionais:<\/h4>\n<div style=\"overflow-x: auto;\">\n<table style=\"font-size: 0.85em;\" summary=\"Servi\u00e7os Opcionais\">\n<thead>\n<tr>\n<th scope=\"col\">Producto<\/th>\n<th scope=\"col\">Descri\u00e7\u00e3o<\/th>\n<th scope=\"col\">Pre\u00e7o<\/th>\n<\/tr>\n<\/thead>\n<tbody>\n<tr>\n<td style=\"width: 25%;\">Condutores Adicionais<\/td>\n<td style=\"width: 55%;\">Recomenda\u00e7\u00e3o de seguran\u00e7a: alternar a condu\u00e7\u00e3o nas suas viagens longas, n\u00e3o excedendo 3 horas de condu\u00e7\u00e3o cont\u00ednua. Este produto permite que voc\u00ea inclua os condutores que deseja no seu contrato de loca\u00e7\u00e3o por uma pequena taxa.<br \/>\n<a href=\"https:\/\/www.unitedrentacar.cl\/pt\/politica-de-renta\/#cond\">Mais informa\u00e7\u00e3o ><\/a><\/td>\n<td style=\"width: 20%;\">CLP 1.990\/Dia\/Condutor<\/td>\n<\/tr>\n<p><!--\n\n\n\n\n\n\n<tr>\n\n\n\n\n\n\n<td>Permiss\u00e3o Argentina 1-15 Dias<\/td>\n\n\n\n\n\n\n\n\n\n\n\n\n<td>Documenta\u00e7\u00e3o e seguro para viajar para a Argentina em um carro alugado por um per\u00edodo de at\u00e9 15 dias.\n<a href=\"https:\/\/www.unitedrentacar.cl\/pt\/politica-de-renta\/#rest_geo\">Mais informa\u00e7\u00e3o ><\/a><\/td>\n\n\n\n\n\n\n\n\n\n\n\n\n<td>CLP 89.900<\/td>\n\n\n\n\n\n\n<\/tr>\n\n\n\n\n\n\n\n\n\n\n\n\n<tr>\n\n\n\n\n\n\n<td>Permiss\u00e3o Argentina 16-25 Dias<\/td>\n\n\n\n\n\n\n\n\n\n\n\n\n<td>Documenta\u00e7\u00e3o e seguro para viajar para a Argentina em um carro alugado por um per\u00edodo de at\u00e9 25 dias.\n<a href=\"https:\/\/www.unitedrentacar.cl\/pt\/politica-de-renta\/#rest_geo\">Mais informa\u00e7\u00e3o ><\/a><\/td>\n\n\n\n\n\n\n\n\n\n\n\n\n<td>CLP 159.900<\/td>\n\n\n\n\n\n\n<\/tr>\n\n\n\n\n\n\n\n\n\n\n\n\n<tr>\n\n\n\n\n\n\n<td>Permiss\u00e3o Argentina 26-55 Dias<\/td>\n\n\n\n\n\n\n\n\n\n\n\n\n<td>Documenta\u00e7\u00e3o e seguro para viajar para a Argentina em um carro alugado por um per\u00edodo de at\u00e9 55 dias.\n<a href=\"https:\/\/www.unitedrentacar.cl\/pt\/politica-de-renta\/#rest_geo\">Mais informa\u00e7\u00e3o ><\/a><\/td>\n\n\n\n\n\n\n\n\n\n\n\n\n<td>CLP 229.900<\/td>\n\n\n\n\n\n\n<\/tr>\n\n\n\n\n\n\n--><\/tbody>\n<\/table>\n<\/div>\n<\/div>\n<\/div>\n<\/div>\n<\/div>\n<\/div>\n<\/div>\n","protected":false},"excerpt":{"rendered":"<p>Complemente sua viagem com nossos servi\u00e7os e coberturas opcionais Viaje de forma mais confort\u00e1vel e tranquilo, adicionando cobertura de seguro adicional e servi\u00e7os opcionais. Explore aqui a gama de produtos que oferecemos para enriquecer sua experi\u00eancia de viagem. Voc\u00ea pode [&hellip;]<\/p>\n","protected":false},"author":2,"featured_media":5099,"parent":0,"menu_order":0,"comment_status":"closed","ping_status":"closed","template":"","meta":{"_acf_changed":false,"_monsterinsights_skip_tracking":false,"_monsterinsights_sitenote_active":false,"_monsterinsights_sitenote_note":"","_monsterinsights_sitenote_category":0,"footnotes":""},"class_list":["post-5101","page","type-page","status-publish","has-post-thumbnail","hentry"],"acf":[],"yoast_head":"<!-- This site is optimized with the Yoast SEO plugin v27.1.1 - https:\/\/yoast.com\/product\/yoast-seo-wordpress\/ -->\n<title>Servi\u00e7os Adicionais e Coberturas | United Rent-A-Car<\/title>\n<meta name=\"description\" content=\"Melhore sua experi\u00eancia de loca\u00e7\u00e3o adicionando cobertura de seguro adicional e servi\u00e7os opcionais. Aqui voc\u00ea encontrar\u00e1 o produto que precisa!\" \/>\n<meta name=\"robots\" content=\"index, follow, max-snippet:-1, max-image-preview:large, max-video-preview:-1\" \/>\n<link rel=\"canonical\" href=\"https:\/\/www.unitedrentacar.cl\/pt\/servicos-coberturas\/\" \/>\n<meta property=\"og:locale\" content=\"pt_BR\" \/>\n<meta property=\"og:type\" content=\"article\" \/>\n<meta property=\"og:title\" content=\"Servi\u00e7os Adicionais e Coberturas | United Rent-A-Car\" \/>\n<meta property=\"og:description\" content=\"Melhore sua experi\u00eancia de loca\u00e7\u00e3o adicionando cobertura de seguro adicional e servi\u00e7os opcionais. Aqui voc\u00ea encontrar\u00e1 o produto que precisa!\" \/>\n<meta property=\"og:url\" content=\"https:\/\/www.unitedrentacar.cl\/pt\/servicos-coberturas\/\" \/>\n<meta property=\"og:site_name\" content=\"United Rent-A-Car\" \/>\n<meta property=\"article:publisher\" content=\"https:\/\/www.facebook.com\/unitedrentacarchile\" \/>\n<meta property=\"article:modified_time\" content=\"2024-10-21T15:55:20+00:00\" \/>\n<meta property=\"og:image\" content=\"https:\/\/www.unitedrentacar.cl\/pt\/wp-content\/uploads\/2019\/03\/pagina-servicios-coberturas-3.jpg\" \/>\n\t<meta property=\"og:image:width\" content=\"1642\" \/>\n\t<meta property=\"og:image:height\" content=\"722\" \/>\n\t<meta property=\"og:image:type\" content=\"image\/jpeg\" \/>\n<meta name=\"twitter:card\" content=\"summary_large_image\" \/>\n<meta name=\"twitter:label1\" content=\"Est. tempo de leitura\" \/>\n\t<meta name=\"twitter:data1\" content=\"4 minutos\" \/>\n<script type=\"application\/ld+json\" class=\"yoast-schema-graph\">{\"@context\":\"https:\/\/schema.org\",\"@graph\":[{\"@type\":\"WebPage\",\"@id\":\"https:\/\/www.unitedrentacar.cl\/pt\/servicos-coberturas\/\",\"url\":\"https:\/\/www.unitedrentacar.cl\/pt\/servicos-coberturas\/\",\"name\":\"Servi\u00e7os Adicionais e Coberturas | United Rent-A-Car\",\"isPartOf\":{\"@id\":\"https:\/\/www.unitedrentacar.cl\/pt\/#website\"},\"primaryImageOfPage\":{\"@id\":\"https:\/\/www.unitedrentacar.cl\/pt\/servicos-coberturas\/#primaryimage\"},\"image\":{\"@id\":\"https:\/\/www.unitedrentacar.cl\/pt\/servicos-coberturas\/#primaryimage\"},\"thumbnailUrl\":\"https:\/\/www.unitedrentacar.cl\/pt\/wp-content\/uploads\/2019\/03\/pagina-servicios-coberturas-3.jpg\",\"datePublished\":\"2019-03-08T20:41:03+00:00\",\"dateModified\":\"2024-10-21T15:55:20+00:00\",\"description\":\"Melhore sua experi\u00eancia de loca\u00e7\u00e3o adicionando cobertura de seguro adicional e servi\u00e7os opcionais. Aqui voc\u00ea encontrar\u00e1 o produto que precisa!\",\"inLanguage\":\"pt-BR\",\"potentialAction\":[{\"@type\":\"ReadAction\",\"target\":[\"https:\/\/www.unitedrentacar.cl\/pt\/servicos-coberturas\/\"]}]},{\"@type\":\"ImageObject\",\"inLanguage\":\"pt-BR\",\"@id\":\"https:\/\/www.unitedrentacar.cl\/pt\/servicos-coberturas\/#primaryimage\",\"url\":\"https:\/\/www.unitedrentacar.cl\/pt\/wp-content\/uploads\/2019\/03\/pagina-servicios-coberturas-3.jpg\",\"contentUrl\":\"https:\/\/www.unitedrentacar.cl\/pt\/wp-content\/uploads\/2019\/03\/pagina-servicios-coberturas-3.jpg\",\"width\":1642,\"height\":722},{\"@type\":\"WebSite\",\"@id\":\"https:\/\/www.unitedrentacar.cl\/pt\/#website\",\"url\":\"https:\/\/www.unitedrentacar.cl\/pt\/\",\"name\":\"United Rent-A-Car\",\"description\":\"Aluguel de Carros no Chile\",\"publisher\":{\"@id\":\"https:\/\/www.unitedrentacar.cl\/pt\/#organization\"},\"potentialAction\":[{\"@type\":\"SearchAction\",\"target\":{\"@type\":\"EntryPoint\",\"urlTemplate\":\"https:\/\/www.unitedrentacar.cl\/pt\/?s={search_term_string}\"},\"query-input\":{\"@type\":\"PropertyValueSpecification\",\"valueRequired\":true,\"valueName\":\"search_term_string\"}}],\"inLanguage\":\"pt-BR\"},{\"@type\":\"Organization\",\"@id\":\"https:\/\/www.unitedrentacar.cl\/pt\/#organization\",\"name\":\"United Rent A Car\",\"url\":\"https:\/\/www.unitedrentacar.cl\/pt\/\",\"logo\":{\"@type\":\"ImageObject\",\"inLanguage\":\"pt-BR\",\"@id\":\"https:\/\/www.unitedrentacar.cl\/pt\/#\/schema\/logo\/image\/\",\"url\":\"https:\/\/www.unitedrentacar.cl\/pt\/wp-content\/uploads\/2018\/11\/logo-pt.png\",\"contentUrl\":\"https:\/\/www.unitedrentacar.cl\/pt\/wp-content\/uploads\/2018\/11\/logo-pt.png\",\"width\":277,\"height\":73,\"caption\":\"United Rent A Car\"},\"image\":{\"@id\":\"https:\/\/www.unitedrentacar.cl\/pt\/#\/schema\/logo\/image\/\"},\"sameAs\":[\"https:\/\/www.facebook.com\/unitedrentacarchile\"]}]}<\/script>\n<!-- \/ Yoast SEO plugin. -->","yoast_head_json":{"title":"Servi\u00e7os Adicionais e Coberturas | United Rent-A-Car","description":"Melhore sua experi\u00eancia de loca\u00e7\u00e3o adicionando cobertura de seguro adicional e servi\u00e7os opcionais. Aqui voc\u00ea encontrar\u00e1 o produto que precisa!","robots":{"index":"index","follow":"follow","max-snippet":"max-snippet:-1","max-image-preview":"max-image-preview:large","max-video-preview":"max-video-preview:-1"},"canonical":"https:\/\/www.unitedrentacar.cl\/pt\/servicos-coberturas\/","og_locale":"pt_BR","og_type":"article","og_title":"Servi\u00e7os Adicionais e Coberturas | United Rent-A-Car","og_description":"Melhore sua experi\u00eancia de loca\u00e7\u00e3o adicionando cobertura de seguro adicional e servi\u00e7os opcionais. Aqui voc\u00ea encontrar\u00e1 o produto que precisa!","og_url":"https:\/\/www.unitedrentacar.cl\/pt\/servicos-coberturas\/","og_site_name":"United Rent-A-Car","article_publisher":"https:\/\/www.facebook.com\/unitedrentacarchile","article_modified_time":"2024-10-21T15:55:20+00:00","og_image":[{"width":1642,"height":722,"url":"https:\/\/www.unitedrentacar.cl\/pt\/wp-content\/uploads\/2019\/03\/pagina-servicios-coberturas-3.jpg","type":"image\/jpeg"}],"twitter_card":"summary_large_image","twitter_misc":{"Est. tempo de leitura":"4 minutos"},"schema":{"@context":"https:\/\/schema.org","@graph":[{"@type":"WebPage","@id":"https:\/\/www.unitedrentacar.cl\/pt\/servicos-coberturas\/","url":"https:\/\/www.unitedrentacar.cl\/pt\/servicos-coberturas\/","name":"Servi\u00e7os Adicionais e Coberturas | United Rent-A-Car","isPartOf":{"@id":"https:\/\/www.unitedrentacar.cl\/pt\/#website"},"primaryImageOfPage":{"@id":"https:\/\/www.unitedrentacar.cl\/pt\/servicos-coberturas\/#primaryimage"},"image":{"@id":"https:\/\/www.unitedrentacar.cl\/pt\/servicos-coberturas\/#primaryimage"},"thumbnailUrl":"https:\/\/www.unitedrentacar.cl\/pt\/wp-content\/uploads\/2019\/03\/pagina-servicios-coberturas-3.jpg","datePublished":"2019-03-08T20:41:03+00:00","dateModified":"2024-10-21T15:55:20+00:00","description":"Melhore sua experi\u00eancia de loca\u00e7\u00e3o adicionando cobertura de seguro adicional e servi\u00e7os opcionais. Aqui voc\u00ea encontrar\u00e1 o produto que precisa!","inLanguage":"pt-BR","potentialAction":[{"@type":"ReadAction","target":["https:\/\/www.unitedrentacar.cl\/pt\/servicos-coberturas\/"]}]},{"@type":"ImageObject","inLanguage":"pt-BR","@id":"https:\/\/www.unitedrentacar.cl\/pt\/servicos-coberturas\/#primaryimage","url":"https:\/\/www.unitedrentacar.cl\/pt\/wp-content\/uploads\/2019\/03\/pagina-servicios-coberturas-3.jpg","contentUrl":"https:\/\/www.unitedrentacar.cl\/pt\/wp-content\/uploads\/2019\/03\/pagina-servicios-coberturas-3.jpg","width":1642,"height":722},{"@type":"WebSite","@id":"https:\/\/www.unitedrentacar.cl\/pt\/#website","url":"https:\/\/www.unitedrentacar.cl\/pt\/","name":"United Rent-A-Car","description":"Aluguel de Carros no Chile","publisher":{"@id":"https:\/\/www.unitedrentacar.cl\/pt\/#organization"},"potentialAction":[{"@type":"SearchAction","target":{"@type":"EntryPoint","urlTemplate":"https:\/\/www.unitedrentacar.cl\/pt\/?s={search_term_string}"},"query-input":{"@type":"PropertyValueSpecification","valueRequired":true,"valueName":"search_term_string"}}],"inLanguage":"pt-BR"},{"@type":"Organization","@id":"https:\/\/www.unitedrentacar.cl\/pt\/#organization","name":"United Rent A Car","url":"https:\/\/www.unitedrentacar.cl\/pt\/","logo":{"@type":"ImageObject","inLanguage":"pt-BR","@id":"https:\/\/www.unitedrentacar.cl\/pt\/#\/schema\/logo\/image\/","url":"https:\/\/www.unitedrentacar.cl\/pt\/wp-content\/uploads\/2018\/11\/logo-pt.png","contentUrl":"https:\/\/www.unitedrentacar.cl\/pt\/wp-content\/uploads\/2018\/11\/logo-pt.png","width":277,"height":73,"caption":"United Rent A Car"},"image":{"@id":"https:\/\/www.unitedrentacar.cl\/pt\/#\/schema\/logo\/image\/"},"sameAs":["https:\/\/www.facebook.com\/unitedrentacarchile"]}]}},"_links":{"self":[{"href":"https:\/\/www.unitedrentacar.cl\/pt\/wp-json\/wp\/v2\/pages\/5101","targetHints":{"allow":["GET"]}}],"collection":[{"href":"https:\/\/www.unitedrentacar.cl\/pt\/wp-json\/wp\/v2\/pages"}],"about":[{"href":"https:\/\/www.unitedrentacar.cl\/pt\/wp-json\/wp\/v2\/types\/page"}],"author":[{"embeddable":true,"href":"https:\/\/www.unitedrentacar.cl\/pt\/wp-json\/wp\/v2\/users\/2"}],"replies":[{"embeddable":true,"href":"https:\/\/www.unitedrentacar.cl\/pt\/wp-json\/wp\/v2\/comments?post=5101"}],"version-history":[{"count":26,"href":"https:\/\/www.unitedrentacar.cl\/pt\/wp-json\/wp\/v2\/pages\/5101\/revisions"}],"predecessor-version":[{"id":5659,"href":"https:\/\/www.unitedrentacar.cl\/pt\/wp-json\/wp\/v2\/pages\/5101\/revisions\/5659"}],"wp:featuredmedia":[{"embeddable":true,"href":"https:\/\/www.unitedrentacar.cl\/pt\/wp-json\/wp\/v2\/media\/5099"}],"wp:attachment":[{"href":"https:\/\/www.unitedrentacar.cl\/pt\/wp-json\/wp\/v2\/media?parent=5101"}],"curies":[{"name":"wp","href":"https:\/\/api.w.org\/{rel}","templated":true}]}}