{"id":5004,"date":"2018-11-27T18:09:34","date_gmt":"2018-11-27T22:09:34","guid":{"rendered":"https:\/\/www.unitedrentacar.cl\/pt\/?page_id=5004"},"modified":"2025-10-09T15:45:56","modified_gmt":"2025-10-09T18:45:56","slug":"contato","status":"publish","type":"page","link":"https:\/\/www.unitedrentacar.cl\/pt\/contato\/","title":{"rendered":"Contato"},"content":{"rendered":"<div  class=\"one ppb_image_fixed_width\"  style=\"background-color: #3f32be;padding-top:0px;padding-bottom0px;\" >\n<div class=\"page_content_wrapper\">\n<div class=\"inner\">\n<div class=\"image_classic_frame\">\n<div class=\"image_wrapper\"><img decoding=\"async\" src=\"https:\/\/www.unitedrentacar.cl\/pt\/wp-content\/uploads\/2024\/12\/header-contato.png\" alt=\"\" class=\"portfolio_img\"\/><\/div>\n<\/div>\n<\/div>\n<\/div>\n<\/div>\n<div  class=\"one withsmallpadding\" style=\"padding:10px 0 10px 0;\" >\n<div class=\"standard_wrapper\">\n<div class=\"page_content_wrapper\">\n<div class=\"inner\">\n<div class=\"inner_wrapper\">\n<div class=\"sidebar_content left_sidebar\">\n<p><a name=\"mapas\"><\/a><\/p>\n<div class=\"one_half \" style=\"\">\n<h5 class=\"space\">Santiago Airport SCL<\/h5>\n<p><img loading=\"lazy\" decoding=\"async\" src=\"https:\/\/www.unitedrentacar.cl\/pt\/wp-content\/uploads\/2024\/12\/sucursales-map-scl.jpg\" alt=\"Mapa\" width=\"550\" height=\"540\" \/>\n<\/div>\n<div class=\"one_half last \" style=\"\">\n<h5 class=\"space\">Santiago Bellavista<\/h5>\n<p><img loading=\"lazy\" decoding=\"async\" src=\"https:\/\/www.unitedrentacar.cl\/pt\/wp-content\/uploads\/2024\/12\/sucursales-map-bel.jpg\" alt=\"Mapa\" width=\"550\" height=\"540\" \/>\n<\/div>\n<p><br class=\"clear\"\/><\/p>\n<div class=\"one_half \" style=\"\">\n<h5 class=\"space\">Santiago Las Condes<\/h5>\n<p><img loading=\"lazy\" decoding=\"async\" src=\"https:\/\/www.unitedrentacar.cl\/pt\/wp-content\/uploads\/2024\/12\/sucursales-map-emi.jpg\" alt=\"Mapa\" width=\"550\" height=\"540\" \/>\n<\/div>\n<div class=\"one_half last \" style=\"\">\n<h5 class=\"space\">Santiago Providencia<\/h5>\n<p><img loading=\"lazy\" decoding=\"async\" src=\"https:\/\/www.unitedrentacar.cl\/pt\/wp-content\/uploads\/2024\/12\/sucursales-map-bcn.jpg\" alt=\"Mapa\" width=\"550\" height=\"540\" \/>\n<\/div>\n<p><br class=\"clear\"\/><\/p>\n<div class=\"one_half \" style=\"\">\n<h5 class=\"space\">Santiago Centro<\/h5>\n<p><img loading=\"lazy\" decoding=\"async\" src=\"https:\/\/www.unitedrentacar.cl\/pt\/wp-content\/uploads\/2024\/12\/sucursales-map-cur.jpg\" alt=\"Mapa\" width=\"550\" height=\"540\" \/>\n<\/div>\n<div class=\"one_half last \" style=\"\">\n<h5 class=\"space\">Santiago San Miguel<\/h5>\n<p><img loading=\"lazy\" decoding=\"async\" src=\"https:\/\/www.unitedrentacar.cl\/pt\/wp-content\/uploads\/2024\/12\/sucursales-map-smi.jpg\" alt=\"Mapa\" width=\"550\" height=\"540\" \/>\n<\/div>\n<p><br class=\"clear\"\/><\/p>\n<div class=\"one_half \" style=\"\">\n<h5 class=\"space\">Antofagasta Aeroporto<\/h5>\n<p><img loading=\"lazy\" decoding=\"async\" src=\"https:\/\/www.unitedrentacar.cl\/pt\/wp-content\/uploads\/2024\/12\/sucursales-map-anf.jpg\" alt=\"Mapa\" width=\"550\" height=\"540\" \/>\n<\/div>\n<div class=\"one_half last \" style=\"\">\n<h5 class=\"space\">Calama Aeroporto<\/h5>\n<p><img loading=\"lazy\" decoding=\"async\" src=\"https:\/\/www.unitedrentacar.cl\/pt\/wp-content\/uploads\/2024\/12\/sucursales-map-cjc.jpg\" alt=\"Mapa\" width=\"550\" height=\"540\" \/>\n<\/div>\n<p><br class=\"clear\"\/><\/p>\n<div class=\"one_half \" style=\"\">\n<h5 class=\"space\">Concepci\u00f3n Aeroporto<\/h5>\n<p><img loading=\"lazy\" decoding=\"async\" src=\"https:\/\/www.unitedrentacar.cl\/pt\/wp-content\/uploads\/2024\/12\/sucursales-map-ccp.jpg\" alt=\"Mapa\" width=\"550\" height=\"540\" \/>\n<\/div>\n<div class=\"one_half last \" style=\"\">\n<h5 class=\"space\">Concepci\u00f3n<\/h5>\n<p><img loading=\"lazy\" decoding=\"async\" src=\"https:\/\/www.unitedrentacar.cl\/pt\/wp-content\/uploads\/2024\/12\/sucursales-map-con.jpg\" alt=\"Mapa\" width=\"550\" height=\"540\" \/>\n<\/div>\n<p><br class=\"clear\"\/><\/p>\n<div class=\"one_half \" style=\"\">\n<h5 class=\"space\">Temuco Aeroporto<\/h5>\n<p><img loading=\"lazy\" decoding=\"async\" src=\"https:\/\/www.unitedrentacar.cl\/pt\/wp-content\/uploads\/2025\/10\/mapa-temuco-zco.jpg\" alt=\"Mapa\" width=\"550\" height=\"540\" \/>\n<\/div>\n<div class=\"one_half last \" style=\"\">\n<h5 class=\"space\">Puerto Montt Aeroporto<\/h5>\n<p><img loading=\"lazy\" decoding=\"async\" src=\"https:\/\/www.unitedrentacar.cl\/pt\/wp-content\/uploads\/2024\/12\/sucursales-map-pmc.jpg\" alt=\"Mapa\" width=\"550\" height=\"540\" \/>\n<\/div>\n<p><br class=\"clear\"\/><\/p>\n<\/div>\n<div class=\"sidebar_wrapper left_sidebar\">\n<div class=\"sidebar\">\n<div class=\"content\">\n<ul class=\"sidebar_widget\">\n<li id=\"text-2\" class=\"widget widget_text\">\n<div class=\"textwidget\">\n<p><a name=\"horarios-emergencia\"><\/a><br \/>\n<br class=\"\" \/><strong>Telefone<\/strong><br \/>\n<a href=\"tel:+56227379650\">+56 22 737 9650<\/a><a name=\"horarios-emergencia\"><\/a><br \/>\n<a href=\"mailto:info@unitedrentacar.cl\">info@unitedrentacar.cl<\/a><\/p>\n<h5>Hor\u00e1rios de Funcionamento<\/h5>\n<p><a href=\"https:\/\/unitedrentacar.online\/scl-2022\" target=\"_blank\" rel=\"noopener noreferrer\"><strong>Santiago Aeroporto SCL<\/strong><\/a><br \/>\nBalc\u00f5es nos terminais T1 e T2<br \/>\nSiga as placas &#8220;Rent a Car&#8221;<br \/>\nAberto 24 horas por dia, 7 dias por semana<br \/>\nCaixa de dep\u00f3sito de chaves<sup>2<\/sup><\/p>\n<p><a href=\"http:\/\/unitedrentacar.online\/googlac4a5\" target=\"_blank\" rel=\"noopener noreferrer\"><strong>Santiago Bellavista<\/strong><\/a><br \/>\nBellavista 0195 \u00b7 Providencia<br \/>\nMetro Baquedano<br \/>\nSegunda a Sexta 08:15 &#8211; 19:45<br \/>\nS\u00e1bado e Domingo 08:15 &#8211; 18:45<br \/>\nFeriado normal 08:15 &#8211; 18:45<br \/>\nFeriado obrigat\u00f3rio<sup>1<\/sup> fechado<\/p>\n<p><a href=\"https:\/\/unitedrentacar.online\/renato-sanchez-4335\" target=\"_blank\" rel=\"noopener noreferrer\"><strong>Santiago Las Condes<\/strong><\/a><br \/>\nRenato S\u00e1nchez 4335 Level -2 \u00b7 Las Condes<br \/>\nMetro Escuela Militar<br \/>\nSegunda a Sexta 08:15 &#8211; 19:45<br \/>\nS\u00e1bado e Domingo 08:15 &#8211; 18:45<br \/>\nFeriado normal 08:15 &#8211; 18:45<br \/>\nFeriado obrigat\u00f3rio<sup>1<\/sup> fechado<\/p>\n<p><a href=\"https:\/\/unitedrentacar.online\/barcelona-2077\" target=\"_blank\" rel=\"noopener noreferrer\"><strong>Santiago Providencia<\/strong><\/a><br \/>\nBarcelona 2077 \u00b7 Providencia<br \/>\nMetro Pedro de Valdivia<br \/>\nSegunda a Sexta 08:15 &#8211; 19:45<br \/>\nS\u00e1bado e Domingo 08:15 &#8211; 18:45<br \/>\nFeriado normal 08:15 &#8211; 18:45<br \/>\nFeriado obrigat\u00f3rio<sup>1<\/sup> fechado<\/p>\n<p><a href=\"http:\/\/unitedrentacar.online\/googlc7a1a\" target=\"_blank\" rel=\"noopener noreferrer\"><strong>Santiago Downtown<\/strong><\/a><br \/>\nCuric\u00f3 360 \u00b7 Santiago<br \/>\nMetro U Cat\u00f3lica<br \/>\nSegunda a Sexta 08:15 &#8211; 19:45<br \/>\nS\u00e1bado e Domingo 08:15 &#8211; 18:45<br \/>\nFeriado normal 08:15 &#8211; 18:45<br \/>\nFeriado obrigat\u00f3rio<sup>1<\/sup> fechado<\/p>\n<p><a href=\"http:\/\/unitedrentacar.online\/googlfbb16\" target=\"_blank\" rel=\"noopener noreferrer\"><strong>Santiago San Miguel<\/strong><\/a><br \/>\nGran Avenida 5428 \u00b7 San Miguel<br \/>\nMetro Departamental (L2)<br \/>\nSegunda a Sexta 08:15 &#8211; 19:45<br \/>\nS\u00e1bado e Domingo 08:15 &#8211; 18:45<br \/>\nFeriado normal 08:15 &#8211; 18:45<br \/>\nFeriado obrigat\u00f3rio<sup>1<\/sup> fechado<\/p>\n<p><a href=\"https:\/\/unitedrentacar.online\/antofagasta-aeropuerto\" target=\"_blank\" rel=\"noopener noreferrer\"><strong>Antofagasta Airport<\/strong><\/a><br \/>\nAndr\u00e9s Sabella G\u00e1lvez Airport (ANF)<br \/>\nSegunda a Sexta 07:00 &#8211; 22:00<br \/>\nS\u00e1bado e Domingo 08:00 &#8211; 19:00<br \/>\nFeriados 08:00 &#8211; 19:00<br \/>\nCaixa de dep\u00f3sito de chaves<sup>2<\/sup><\/p>\n<p><a href=\"https:\/\/unitedrentacar.online\/calama-3qf\" target=\"_blank\" rel=\"noopener noreferrer\"><strong>Calama Aeroporto<\/strong><\/a><br \/>\nAeroporto El Loa (CJC)<br \/>\nHall de Chegadas<br \/>\nSegunda a Sexta 07:00 &#8211; 22:00<br \/>\nS\u00e1bado e Domingo 08:00 &#8211; 19:00<br \/>\nFeriados 08:00 &#8211; 19:00<br \/>\nCaixa de dep\u00f3sito de chaves<sup>2<\/sup><\/p>\n<p><a href=\"https:\/\/unitedrentacar.online\/concepcion-ccp\" target=\"_blank\" rel=\"noopener noreferrer\"><strong>Concepci\u00f3n Aeroporto<\/strong><\/a><br \/>\nAeroporto Carriel Sur (CCP)<br \/>\nHall de Chegadas<br \/>\nSegunda a Sexta 07:00 &#8211; 22:00<br \/>\nS\u00e1bado e Domingo 08:00 &#8211; 19:00<br \/>\nFeriados 08:00 &#8211; 19:00<br \/>\nCaixa de dep\u00f3sito de chaves<sup>2<\/sup><\/p>\n<p><a href=\"https:\/\/unitedrentacar.online\/b4ee4\" target=\"_blank\" rel=\"noopener noreferrer\"><strong>Concepci\u00f3n Cidade<\/strong><\/a><br \/>\nSan Mart\u00edn Poniente 37<br \/>\nConcepci\u00f3n<br \/>\nSegunda a Sexta 08:00 &#8211; 18:00<br \/>\nS\u00e1bado e Domingo fechado<br \/>\nFeriados fechado<\/p>\n<p><a href=\"http:\/\/unitedrentacar.online\/googlf34c6\" target=\"_blank\" rel=\"noopener noreferrer\"><strong>Puerto Montt Aeroporto<\/strong><\/a><br \/>\nAeroporto El Tepual (PMC)<br \/>\nHall de Chegadas<br \/>\nSegunda a Sexta 07:00 &#8211; 22:00<br \/>\nS\u00e1bado 07:00 &#8211; 20:00<br \/>\nDomingo 07:00 &#8211; 22:00<br \/>\nFeriados 07:00 &#8211; 22:00<br \/>\nCaixa de dep\u00f3sito de chaves<sup>3<\/sup><\/p>\n<p><sup>1<\/sup>Feriados obrigat\u00f3rios: 1 de janeiro, 1 de maio, 18 e 19 de setembro, 25 de dezembro<\/p>\n<p><sup>2<\/sup>Caixa de dep\u00f3sito de chaves dispon\u00edvel para devolu\u00e7\u00e3o ap\u00f3s o hor\u00e1rio comercial<\/p>\n<p><sup>3<\/sup>Puerto Montt: Caixa de dep\u00f3sito de chave dispon\u00edvel para devolu\u00e7\u00e3o ap\u00f3s o hor\u00e1rio comercial. Devolu\u00e7\u00f5es com caixa de entrega ap\u00f3s o hor\u00e1rio de fechamento ter\u00e3o um custo de estacionamento at\u00e9 o hor\u00e1rio de abertura do dia seguinte de nossas opera\u00e7\u00f5es, a CLP 2.700 por hora com um limite de CLP 12.900. Este valor n\u00e3o tem sobretaxa em rela\u00e7\u00e3o ao custo do que o aeroporto nos cobra pelo estacionamento.<\/p>\n<\/div>\n<\/li>\n<\/ul>\n<\/div>\n<\/div>\n<\/div>\n<\/div>\n<\/div>\n<\/div>\n<\/div>\n<\/div>\n<div class=\"standard_wrapper\">\n<div  class=\"ppb_contact_sidebar one withsmallpadding\" style=\"padding:40px 0 40px 0;\" >\n<div class=\"page_content_wrapper\">\n<div class=\"inner\">\n<div class=\"inner_wrapper\">\n<div class=\"sidebar_content \">\n<h2 class=\"ppb_title\">Formul\u00e1rio de Contato<\/h2>\n<div class=\"ppb_header_content\">\n<p>Se voc\u00ea tem alguma d\u00favida ou pergunta, preencha este formul\u00e1rio e lhe responderemos dentro de 24 horas \u00fateis. Se quiser checar a disponibilidade de carros e pre\u00e7os, a forma mais r\u00e1pida \u00e9 atrav\u00eas de nosso sistema on line, acess\u00edvel no topo de todas as nossas p\u00e1ginas com o bot\u00e3o \u201cEncontre Meu Carro\u201d.<\/p>\n<\/div>\n<div class=\"contact_form7_wrapper\">\n<div class=\"wpcf7 no-js\" id=\"wpcf7-f4515-o1\" lang=\"es-CL\" dir=\"ltr\" data-wpcf7-id=\"4515\">\n<div class=\"screen-reader-response\">\n<p role=\"status\" aria-live=\"polite\" aria-atomic=\"true\">\n<ul><\/ul>\n<\/div>\n<form action=\"\/pt\/wp-admin\/post.php#wpcf7-f4515-o1\" method=\"post\" class=\"wpcf7-form init\" aria-label=\"Contact form\" novalidate=\"novalidate\" data-status=\"init\">\n<fieldset class=\"hidden-fields-container\"><input type=\"hidden\" name=\"_wpcf7\" value=\"4515\" \/><input type=\"hidden\" name=\"_wpcf7_version\" value=\"6.1.2\" \/><input type=\"hidden\" name=\"_wpcf7_locale\" value=\"es_CL\" \/><input type=\"hidden\" name=\"_wpcf7_unit_tag\" value=\"wpcf7-f4515-o1\" \/><input type=\"hidden\" name=\"_wpcf7_container_post\" value=\"0\" \/><input type=\"hidden\" name=\"_wpcf7_posted_data_hash\" value=\"\" \/><input type=\"hidden\" name=\"_wpcf7dtx_version\" value=\"5.0.3\" \/><br \/>\n<\/fieldset>\n<p><label> Seu nome (requerido)<br \/>\n<span class=\"wpcf7-form-control-wrap\" data-name=\"your-name\"><input size=\"40\" maxlength=\"400\" class=\"wpcf7-form-control wpcf7-text wpcf7-validates-as-required\" aria-required=\"true\" aria-invalid=\"false\" value=\"\" type=\"text\" name=\"your-name\" \/><\/span> <\/label>\n<\/p>\n<p><label> Seu email (requerido)<br \/>\n<span class=\"wpcf7-form-control-wrap\" data-name=\"your-email\"><input size=\"40\" maxlength=\"400\" class=\"wpcf7-form-control wpcf7-email wpcf7-validates-as-required wpcf7-text wpcf7-validates-as-email\" aria-required=\"true\" aria-invalid=\"false\" value=\"\" type=\"email\" name=\"your-email\" \/><\/span> <\/label>\n<\/p>\n<p><label> Seu telefone (opcional)<br \/>\n<span class=\"wpcf7-form-control-wrap\" data-name=\"tel-239\"><input size=\"40\" maxlength=\"400\" class=\"wpcf7-form-control wpcf7-tel wpcf7-text wpcf7-validates-as-tel\" aria-invalid=\"false\" value=\"\" type=\"tel\" name=\"tel-239\" \/><\/span> <\/label>\n<\/p>\n<p><label> Sua mensagem<br \/>\n<span class=\"wpcf7-form-control-wrap\" data-name=\"your-message\"><textarea cols=\"40\" rows=\"10\" maxlength=\"2000\" class=\"wpcf7-form-control wpcf7-textarea\" aria-invalid=\"false\" name=\"your-message\"><\/textarea><\/span> <\/label>\n<\/p>\n<p><input class=\"wpcf7-form-control wpcf7-submit has-spinner\" type=\"submit\" value=\"Enviar\" \/>\n<\/p>\n<div class=\"wpcf7-response-output\" aria-hidden=\"true\"><\/div>\n<\/form>\n<\/div>\n<\/div>\n<\/div>\n<div class=\"sidebar_wrapper \">\n<div class=\"sidebar\">\n<div class=\"content\">\n<ul class=\"sidebar_widget\"><\/ul>\n<\/div>\n<\/div>\n<\/div>\n<\/div>\n<\/div>\n<\/div>\n<\/div>\n<\/div>\n","protected":false},"excerpt":{"rendered":"<p>Santiago Airport SCL Santiago Bellavista Santiago Las Condes Santiago Providencia Santiago Centro Santiago San Miguel Antofagasta Aeroporto Calama Aeroporto Concepci\u00f3n Aeroporto Concepci\u00f3n Temuco Aeroporto Puerto Montt Aeroporto Telefone +56 22 737 9650 info@unitedrentacar.cl Hor\u00e1rios de Funcionamento Santiago Aeroporto SCL Balc\u00f5es [&hellip;]<\/p>\n","protected":false},"author":2,"featured_media":0,"parent":0,"menu_order":0,"comment_status":"closed","ping_status":"closed","template":"","meta":{"_acf_changed":false,"_monsterinsights_skip_tracking":false,"_monsterinsights_sitenote_active":false,"_monsterinsights_sitenote_note":"","_monsterinsights_sitenote_category":0,"footnotes":""},"class_list":["post-5004","page","type-page","status-publish","hentry"],"acf":[],"yoast_head":"<!-- This site is optimized with the Yoast SEO plugin v27.1.1 - https:\/\/yoast.com\/product\/yoast-seo-wordpress\/ -->\n<title>Contato | United Rent-A-Car<\/title>\n<meta name=\"robots\" content=\"index, follow, max-snippet:-1, max-image-preview:large, max-video-preview:-1\" \/>\n<link rel=\"canonical\" href=\"https:\/\/www.unitedrentacar.cl\/pt\/contato\/\" \/>\n<meta property=\"og:locale\" content=\"pt_BR\" \/>\n<meta property=\"og:type\" content=\"article\" \/>\n<meta property=\"og:title\" content=\"Contato | United Rent-A-Car\" \/>\n<meta property=\"og:description\" content=\"Santiago Airport SCL Santiago Bellavista Santiago Las Condes Santiago Providencia Santiago Centro Santiago San Miguel Antofagasta Aeroporto Calama Aeroporto Concepci\u00f3n Aeroporto Concepci\u00f3n Temuco Aeroporto Puerto Montt Aeroporto Telefone +56 22 737 9650 info@unitedrentacar.cl Hor\u00e1rios de Funcionamento Santiago Aeroporto SCL Balc\u00f5es [&hellip;]\" \/>\n<meta property=\"og:url\" content=\"https:\/\/www.unitedrentacar.cl\/pt\/contato\/\" \/>\n<meta property=\"og:site_name\" content=\"United Rent-A-Car\" \/>\n<meta property=\"article:publisher\" content=\"https:\/\/www.facebook.com\/unitedrentacarchile\" \/>\n<meta property=\"article:modified_time\" content=\"2025-10-09T18:45:56+00:00\" \/>\n<meta property=\"og:image\" content=\"https:\/\/www.unitedrentacar.cl\/pt\/wp-content\/uploads\/2024\/12\/header-contato.png\" \/>\n<meta name=\"twitter:card\" content=\"summary_large_image\" \/>\n<meta name=\"twitter:label1\" content=\"Est. tempo de leitura\" \/>\n\t<meta name=\"twitter:data1\" content=\"6 minutos\" \/>\n<script type=\"application\/ld+json\" class=\"yoast-schema-graph\">{\"@context\":\"https:\/\/schema.org\",\"@graph\":[{\"@type\":\"WebPage\",\"@id\":\"https:\/\/www.unitedrentacar.cl\/pt\/contato\/\",\"url\":\"https:\/\/www.unitedrentacar.cl\/pt\/contato\/\",\"name\":\"Contato | United Rent-A-Car\",\"isPartOf\":{\"@id\":\"https:\/\/www.unitedrentacar.cl\/pt\/#website\"},\"primaryImageOfPage\":{\"@id\":\"https:\/\/www.unitedrentacar.cl\/pt\/contato\/#primaryimage\"},\"image\":{\"@id\":\"https:\/\/www.unitedrentacar.cl\/pt\/contato\/#primaryimage\"},\"thumbnailUrl\":\"https:\/\/www.unitedrentacar.cl\/pt\/wp-content\/uploads\/2024\/12\/header-contato.png\",\"datePublished\":\"2018-11-27T22:09:34+00:00\",\"dateModified\":\"2025-10-09T18:45:56+00:00\",\"inLanguage\":\"pt-BR\",\"potentialAction\":[{\"@type\":\"ReadAction\",\"target\":[\"https:\/\/www.unitedrentacar.cl\/pt\/contato\/\"]}]},{\"@type\":\"ImageObject\",\"inLanguage\":\"pt-BR\",\"@id\":\"https:\/\/www.unitedrentacar.cl\/pt\/contato\/#primaryimage\",\"url\":\"https:\/\/www.unitedrentacar.cl\/pt\/wp-content\/uploads\/2024\/12\/header-contato.png\",\"contentUrl\":\"https:\/\/www.unitedrentacar.cl\/pt\/wp-content\/uploads\/2024\/12\/header-contato.png\",\"width\":1660,\"height\":367},{\"@type\":\"WebSite\",\"@id\":\"https:\/\/www.unitedrentacar.cl\/pt\/#website\",\"url\":\"https:\/\/www.unitedrentacar.cl\/pt\/\",\"name\":\"United Rent-A-Car\",\"description\":\"Aluguel de Carros no Chile\",\"publisher\":{\"@id\":\"https:\/\/www.unitedrentacar.cl\/pt\/#organization\"},\"potentialAction\":[{\"@type\":\"SearchAction\",\"target\":{\"@type\":\"EntryPoint\",\"urlTemplate\":\"https:\/\/www.unitedrentacar.cl\/pt\/?s={search_term_string}\"},\"query-input\":{\"@type\":\"PropertyValueSpecification\",\"valueRequired\":true,\"valueName\":\"search_term_string\"}}],\"inLanguage\":\"pt-BR\"},{\"@type\":\"Organization\",\"@id\":\"https:\/\/www.unitedrentacar.cl\/pt\/#organization\",\"name\":\"United Rent A Car\",\"url\":\"https:\/\/www.unitedrentacar.cl\/pt\/\",\"logo\":{\"@type\":\"ImageObject\",\"inLanguage\":\"pt-BR\",\"@id\":\"https:\/\/www.unitedrentacar.cl\/pt\/#\/schema\/logo\/image\/\",\"url\":\"https:\/\/www.unitedrentacar.cl\/pt\/wp-content\/uploads\/2018\/11\/logo-pt.png\",\"contentUrl\":\"https:\/\/www.unitedrentacar.cl\/pt\/wp-content\/uploads\/2018\/11\/logo-pt.png\",\"width\":277,\"height\":73,\"caption\":\"United Rent A Car\"},\"image\":{\"@id\":\"https:\/\/www.unitedrentacar.cl\/pt\/#\/schema\/logo\/image\/\"},\"sameAs\":[\"https:\/\/www.facebook.com\/unitedrentacarchile\"]}]}<\/script>\n<!-- \/ Yoast SEO plugin. -->","yoast_head_json":{"title":"Contato | United Rent-A-Car","robots":{"index":"index","follow":"follow","max-snippet":"max-snippet:-1","max-image-preview":"max-image-preview:large","max-video-preview":"max-video-preview:-1"},"canonical":"https:\/\/www.unitedrentacar.cl\/pt\/contato\/","og_locale":"pt_BR","og_type":"article","og_title":"Contato | United Rent-A-Car","og_description":"Santiago Airport SCL Santiago Bellavista Santiago Las Condes Santiago Providencia Santiago Centro Santiago San Miguel Antofagasta Aeroporto Calama Aeroporto Concepci\u00f3n Aeroporto Concepci\u00f3n Temuco Aeroporto Puerto Montt Aeroporto Telefone +56 22 737 9650 info@unitedrentacar.cl Hor\u00e1rios de Funcionamento Santiago Aeroporto SCL Balc\u00f5es [&hellip;]","og_url":"https:\/\/www.unitedrentacar.cl\/pt\/contato\/","og_site_name":"United Rent-A-Car","article_publisher":"https:\/\/www.facebook.com\/unitedrentacarchile","article_modified_time":"2025-10-09T18:45:56+00:00","og_image":[{"url":"https:\/\/www.unitedrentacar.cl\/pt\/wp-content\/uploads\/2024\/12\/header-contato.png","type":"","width":"","height":""}],"twitter_card":"summary_large_image","twitter_misc":{"Est. tempo de leitura":"6 minutos"},"schema":{"@context":"https:\/\/schema.org","@graph":[{"@type":"WebPage","@id":"https:\/\/www.unitedrentacar.cl\/pt\/contato\/","url":"https:\/\/www.unitedrentacar.cl\/pt\/contato\/","name":"Contato | United Rent-A-Car","isPartOf":{"@id":"https:\/\/www.unitedrentacar.cl\/pt\/#website"},"primaryImageOfPage":{"@id":"https:\/\/www.unitedrentacar.cl\/pt\/contato\/#primaryimage"},"image":{"@id":"https:\/\/www.unitedrentacar.cl\/pt\/contato\/#primaryimage"},"thumbnailUrl":"https:\/\/www.unitedrentacar.cl\/pt\/wp-content\/uploads\/2024\/12\/header-contato.png","datePublished":"2018-11-27T22:09:34+00:00","dateModified":"2025-10-09T18:45:56+00:00","inLanguage":"pt-BR","potentialAction":[{"@type":"ReadAction","target":["https:\/\/www.unitedrentacar.cl\/pt\/contato\/"]}]},{"@type":"ImageObject","inLanguage":"pt-BR","@id":"https:\/\/www.unitedrentacar.cl\/pt\/contato\/#primaryimage","url":"https:\/\/www.unitedrentacar.cl\/pt\/wp-content\/uploads\/2024\/12\/header-contato.png","contentUrl":"https:\/\/www.unitedrentacar.cl\/pt\/wp-content\/uploads\/2024\/12\/header-contato.png","width":1660,"height":367},{"@type":"WebSite","@id":"https:\/\/www.unitedrentacar.cl\/pt\/#website","url":"https:\/\/www.unitedrentacar.cl\/pt\/","name":"United Rent-A-Car","description":"Aluguel de Carros no Chile","publisher":{"@id":"https:\/\/www.unitedrentacar.cl\/pt\/#organization"},"potentialAction":[{"@type":"SearchAction","target":{"@type":"EntryPoint","urlTemplate":"https:\/\/www.unitedrentacar.cl\/pt\/?s={search_term_string}"},"query-input":{"@type":"PropertyValueSpecification","valueRequired":true,"valueName":"search_term_string"}}],"inLanguage":"pt-BR"},{"@type":"Organization","@id":"https:\/\/www.unitedrentacar.cl\/pt\/#organization","name":"United Rent A Car","url":"https:\/\/www.unitedrentacar.cl\/pt\/","logo":{"@type":"ImageObject","inLanguage":"pt-BR","@id":"https:\/\/www.unitedrentacar.cl\/pt\/#\/schema\/logo\/image\/","url":"https:\/\/www.unitedrentacar.cl\/pt\/wp-content\/uploads\/2018\/11\/logo-pt.png","contentUrl":"https:\/\/www.unitedrentacar.cl\/pt\/wp-content\/uploads\/2018\/11\/logo-pt.png","width":277,"height":73,"caption":"United Rent A Car"},"image":{"@id":"https:\/\/www.unitedrentacar.cl\/pt\/#\/schema\/logo\/image\/"},"sameAs":["https:\/\/www.facebook.com\/unitedrentacarchile"]}]}},"_links":{"self":[{"href":"https:\/\/www.unitedrentacar.cl\/pt\/wp-json\/wp\/v2\/pages\/5004","targetHints":{"allow":["GET"]}}],"collection":[{"href":"https:\/\/www.unitedrentacar.cl\/pt\/wp-json\/wp\/v2\/pages"}],"about":[{"href":"https:\/\/www.unitedrentacar.cl\/pt\/wp-json\/wp\/v2\/types\/page"}],"author":[{"embeddable":true,"href":"https:\/\/www.unitedrentacar.cl\/pt\/wp-json\/wp\/v2\/users\/2"}],"replies":[{"embeddable":true,"href":"https:\/\/www.unitedrentacar.cl\/pt\/wp-json\/wp\/v2\/comments?post=5004"}],"version-history":[{"count":20,"href":"https:\/\/www.unitedrentacar.cl\/pt\/wp-json\/wp\/v2\/pages\/5004\/revisions"}],"predecessor-version":[{"id":5784,"href":"https:\/\/www.unitedrentacar.cl\/pt\/wp-json\/wp\/v2\/pages\/5004\/revisions\/5784"}],"wp:attachment":[{"href":"https:\/\/www.unitedrentacar.cl\/pt\/wp-json\/wp\/v2\/media?parent=5004"}],"curies":[{"name":"wp","href":"https:\/\/api.w.org\/{rel}","templated":true}]}}