{"id":4992,"date":"2018-11-27T17:51:30","date_gmt":"2018-11-27T21:51:30","guid":{"rendered":"https:\/\/www.unitedrentacar.cl\/pt\/?page_id=4992"},"modified":"2024-12-06T18:28:53","modified_gmt":"2024-12-06T21:28:53","slug":"acordos-comerciais","status":"publish","type":"page","link":"https:\/\/www.unitedrentacar.cl\/pt\/acordos-comerciais\/","title":{"rendered":"Acordos Comerciais"},"content":{"rendered":"<div  class=\"one withsmallpadding ppb_text\" style=\"text-align:left;padding:40px 0 40px 0;\" >\n<div class=\"standard_wrapper\">\n<div class=\"page_content_wrapper\">\n<div class=\"inner\">\n<div style=\"margin:auto;width:60%\">\n<p>Com mais de 30 anos de experi\u00eancia, United Rent a Car tem-se convertido em s\u00f3cio-estrat\u00e9gico de algumas das mais prestigiosas empresas nacionais e estrangeiras, em \u00e1reas t\u00e3o diversas quanto a minera\u00e7\u00e3o, telecomunica\u00e7\u00f5es, m\u00eddia, retail, servi\u00e7os, turismo, entre muitas outras. Sua empresa poder\u00e1 optar a modalidades como alugu\u00e9is espor\u00e1dicos, alugu\u00e9is de m\u00e9dio a longo prazo ou Leasing Operativo.<\/p>\n<p>Em United contamos com infraestrutura de primeiro n\u00edvel, que nos permitem outorgar uma aten\u00e7\u00e3o personalizada e manter nossa frota em \u00f3timas condi\u00e7\u00f5es.<\/p>\n<p>Conv\u00eanios para alugu\u00e9is espor\u00e1dicos ou de m\u00e9dio prazo. Abrir um conv\u00eanio com United \u00e9 f\u00e1cil e lhe permitir\u00e1 aceder aos seguintes benef\u00edcios:<\/p>\n<ul class=\"ewebera_list\">\n<li><span class=\"fa fa-arrow-right\"><i style=\"display: none;\">unitedrentacar<\/i><\/span> Tarifas especiais para clientes corporativos<\/li>\n<li><span class=\"fa fa-arrow-right\"><i style=\"display: none;\">unitedrentacar<\/i><\/span> Conta corrente com pagamento a 30 dias<\/li>\n<li><span class=\"fa fa-arrow-right\"><i style=\"display: none;\">unitedrentacar<\/i><\/span> Quilometragem livre<\/li>\n<li><span class=\"fa fa-arrow-right\"><i style=\"display: none;\">unitedrentacar<\/i><\/span> Assist\u00eancia mec\u00e2nica com reposi\u00e7\u00e3o de ve\u00edculos<\/li>\n<li><span class=\"fa fa-arrow-right\"><i style=\"display: none;\">unitedrentacar<\/i><\/span> Entra de ve\u00edculos a domicilio<\/li>\n<li><span class=\"fa fa-arrow-right\"><i style=\"display: none;\">unitedrentacar<\/i><\/span> Seguros com ou sem dedut\u00edvel<\/li>\n<\/ul>\n<p>Contate-nos em <a href=\"mailto:empresas@unitedrentacar.cl\">empresas@unitedrentacar.cl<\/a> para que um de nossos executivos entre em contato com voc\u00ea.<\/p>\n<h3>Leasing Operativo<\/h3>\n<p>O Leasing Operativo consiste no aluguel de frotas de ve\u00edculos a longo prazo (m\u00ednimo 12 meses). Esta modalidade de neg\u00f3cios obedece \u00e0 tend\u00eancia mundial de outsourcing, que lhe outorgar\u00e1 os seguintes benef\u00edcios:<\/p>\n<p><strong>Despreocupe-se da opera\u00e7\u00e3o da frota:<\/strong> n\u00f3s nos ocupamos de manter sua frota operativa todos os dias do ano. O contrato de leasing operativo inclui manuten\u00e7\u00e3o, seguros, reposi\u00e7\u00e3o de ve\u00edculos com dano ou em conserto, manuten\u00e7\u00e3o de permiss\u00f5es ao dia, etc.<br \/>\n<strong>Benef\u00edcios financeiros:<\/strong><br \/>\n<strong>Concentre seus recursos em seu neg\u00f3cio:<\/strong> o Leasing Operativo lhe permite conhecer exatamente seus fluxos originados pela sua frota, sem surpresas, imprevistos nem depender das condi\u00e7\u00f5es flutuantes do mercado.<br \/>\n<strong>Melhore seus \u00edndices financeiros de liquidez, endividamento, etc:<\/strong> o Leasing operativo \u00e9 uma forma de financiamento que n\u00e3o aparece em seu balan\u00e7o.<br \/>\n<strong>Simplifica a avalia\u00e7\u00e3o de projetos:<\/strong> o Leasing Operativo lhe permite conhecer exatamente seus fluxos originados pela sua frota, sem surpresas, imprevistos nem depender das condi\u00e7\u00f5es flutuantes do mercado.<br \/>\n<strong>Benef\u00edcios tribut\u00e1rios:<\/strong> As taxas de aluguel entram 100% nos gastos da empresa, deduzindo seu valor impositivo.<br \/>\n<strong>Ve\u00edculos a sua medida:<\/strong> ao contratar o Leasing Operativo voc\u00ea pode aceder a ve\u00edculos zero km y com as especifica\u00e7\u00f5es exatas que voc\u00ea precisa:<\/p>\n<ul class=\"ewebera_list\">\n<li><span class=\"fa fa-arrow-right\"><i style=\"display: none;\">unitedrentacar<\/i><\/span> Tipo de ve\u00edculos: autom\u00f3veis, furg\u00f5es, caminhonete 4\u00d72 ou 4\u00d74, etc.<\/li>\n<li><span class=\"fa fa-arrow-right\"><i style=\"display: none;\">unitedrentacar<\/i><\/span> Tipo de combust\u00edvel: gasolina ou diesel<\/li>\n<li><span class=\"fa fa-arrow-right\"><i style=\"display: none;\">unitedrentacar<\/i><\/span> Cor<\/li>\n<li><span class=\"fa fa-arrow-right\"><i style=\"display: none;\">unitedrentacar<\/i><\/span> Equipamento e acess\u00f3rios: airbags, ABS, ar condicionado, fechamento centralizado, etc.<\/li>\n<li><span class=\"fa fa-arrow-right\"><i style=\"display: none;\">unitedrentacar<\/i><\/span> Equipamento especial: equipamento mineiro, portaescadas, logo ou imagem corporativa, tambor para combust\u00edvel, etc.<\/li>\n<\/ul>\n<p>Nos adequamos a todas suas necessidades especiais.<\/p>\n<p>Conta-nos a <a href=\"mailto:leasing@unitedrentacar.cl\"> leasing@unitedrentacar.cl<\/a> para que um de nossos executivos entre em contato com voc\u00ea e possa criar uma solu\u00e7\u00e3o \u00e0 sua medida.<\/p>\n<\/div>\n<\/div>\n<\/div>\n<\/div>\n<\/div>\n","protected":false},"excerpt":{"rendered":"<p>Com mais de 30 anos de experi\u00eancia, United Rent a Car tem-se convertido em s\u00f3cio-estrat\u00e9gico de algumas das mais prestigiosas empresas nacionais e estrangeiras, em \u00e1reas t\u00e3o diversas quanto a minera\u00e7\u00e3o, telecomunica\u00e7\u00f5es, m\u00eddia, retail, servi\u00e7os, turismo, entre muitas outras. Sua [&hellip;]<\/p>\n","protected":false},"author":2,"featured_media":5671,"parent":0,"menu_order":0,"comment_status":"closed","ping_status":"closed","template":"","meta":{"_acf_changed":false,"_monsterinsights_skip_tracking":false,"_monsterinsights_sitenote_active":false,"_monsterinsights_sitenote_note":"","_monsterinsights_sitenote_category":0,"footnotes":""},"class_list":["post-4992","page","type-page","status-publish","has-post-thumbnail","hentry"],"acf":[],"yoast_head":"<!-- This site is optimized with the Yoast SEO plugin v27.1.1 - https:\/\/yoast.com\/product\/yoast-seo-wordpress\/ -->\n<title>Acordos Comerciais | United Rent-A-Car<\/title>\n<meta name=\"robots\" content=\"index, follow, max-snippet:-1, max-image-preview:large, max-video-preview:-1\" \/>\n<link rel=\"canonical\" href=\"https:\/\/www.unitedrentacar.cl\/pt\/acordos-comerciais\/\" \/>\n<meta property=\"og:locale\" content=\"pt_BR\" \/>\n<meta property=\"og:type\" content=\"article\" \/>\n<meta property=\"og:title\" content=\"Acordos Comerciais | United Rent-A-Car\" \/>\n<meta property=\"og:description\" content=\"Com mais de 30 anos de experi\u00eancia, United Rent a Car tem-se convertido em s\u00f3cio-estrat\u00e9gico de algumas das mais prestigiosas empresas nacionais e estrangeiras, em \u00e1reas t\u00e3o diversas quanto a minera\u00e7\u00e3o, telecomunica\u00e7\u00f5es, m\u00eddia, retail, servi\u00e7os, turismo, entre muitas outras. Sua [&hellip;]\" \/>\n<meta property=\"og:url\" content=\"https:\/\/www.unitedrentacar.cl\/pt\/acordos-comerciais\/\" \/>\n<meta property=\"og:site_name\" content=\"United Rent-A-Car\" \/>\n<meta property=\"article:publisher\" content=\"https:\/\/www.facebook.com\/unitedrentacarchile\" \/>\n<meta property=\"article:modified_time\" content=\"2024-12-06T21:28:53+00:00\" \/>\n<meta property=\"og:image\" content=\"https:\/\/www.unitedrentacar.cl\/pt\/wp-content\/uploads\/2024\/12\/home-hero-widget.jpg\" \/>\n\t<meta property=\"og:image:width\" content=\"1642\" \/>\n\t<meta property=\"og:image:height\" content=\"722\" \/>\n\t<meta property=\"og:image:type\" content=\"image\/jpeg\" \/>\n<meta name=\"twitter:card\" content=\"summary_large_image\" \/>\n<meta name=\"twitter:label1\" content=\"Est. tempo de leitura\" \/>\n\t<meta name=\"twitter:data1\" content=\"2 minutos\" \/>\n<script type=\"application\/ld+json\" class=\"yoast-schema-graph\">{\"@context\":\"https:\/\/schema.org\",\"@graph\":[{\"@type\":\"WebPage\",\"@id\":\"https:\/\/www.unitedrentacar.cl\/pt\/acordos-comerciais\/\",\"url\":\"https:\/\/www.unitedrentacar.cl\/pt\/acordos-comerciais\/\",\"name\":\"Acordos Comerciais | United Rent-A-Car\",\"isPartOf\":{\"@id\":\"https:\/\/www.unitedrentacar.cl\/pt\/#website\"},\"primaryImageOfPage\":{\"@id\":\"https:\/\/www.unitedrentacar.cl\/pt\/acordos-comerciais\/#primaryimage\"},\"image\":{\"@id\":\"https:\/\/www.unitedrentacar.cl\/pt\/acordos-comerciais\/#primaryimage\"},\"thumbnailUrl\":\"https:\/\/www.unitedrentacar.cl\/pt\/wp-content\/uploads\/2024\/12\/home-hero-widget.jpg\",\"datePublished\":\"2018-11-27T21:51:30+00:00\",\"dateModified\":\"2024-12-06T21:28:53+00:00\",\"inLanguage\":\"pt-BR\",\"potentialAction\":[{\"@type\":\"ReadAction\",\"target\":[\"https:\/\/www.unitedrentacar.cl\/pt\/acordos-comerciais\/\"]}]},{\"@type\":\"ImageObject\",\"inLanguage\":\"pt-BR\",\"@id\":\"https:\/\/www.unitedrentacar.cl\/pt\/acordos-comerciais\/#primaryimage\",\"url\":\"https:\/\/www.unitedrentacar.cl\/pt\/wp-content\/uploads\/2024\/12\/home-hero-widget.jpg\",\"contentUrl\":\"https:\/\/www.unitedrentacar.cl\/pt\/wp-content\/uploads\/2024\/12\/home-hero-widget.jpg\",\"width\":1642,\"height\":722},{\"@type\":\"WebSite\",\"@id\":\"https:\/\/www.unitedrentacar.cl\/pt\/#website\",\"url\":\"https:\/\/www.unitedrentacar.cl\/pt\/\",\"name\":\"United Rent-A-Car\",\"description\":\"Aluguel de Carros no Chile\",\"publisher\":{\"@id\":\"https:\/\/www.unitedrentacar.cl\/pt\/#organization\"},\"potentialAction\":[{\"@type\":\"SearchAction\",\"target\":{\"@type\":\"EntryPoint\",\"urlTemplate\":\"https:\/\/www.unitedrentacar.cl\/pt\/?s={search_term_string}\"},\"query-input\":{\"@type\":\"PropertyValueSpecification\",\"valueRequired\":true,\"valueName\":\"search_term_string\"}}],\"inLanguage\":\"pt-BR\"},{\"@type\":\"Organization\",\"@id\":\"https:\/\/www.unitedrentacar.cl\/pt\/#organization\",\"name\":\"United Rent A Car\",\"url\":\"https:\/\/www.unitedrentacar.cl\/pt\/\",\"logo\":{\"@type\":\"ImageObject\",\"inLanguage\":\"pt-BR\",\"@id\":\"https:\/\/www.unitedrentacar.cl\/pt\/#\/schema\/logo\/image\/\",\"url\":\"https:\/\/www.unitedrentacar.cl\/pt\/wp-content\/uploads\/2018\/11\/logo-pt.png\",\"contentUrl\":\"https:\/\/www.unitedrentacar.cl\/pt\/wp-content\/uploads\/2018\/11\/logo-pt.png\",\"width\":277,\"height\":73,\"caption\":\"United Rent A Car\"},\"image\":{\"@id\":\"https:\/\/www.unitedrentacar.cl\/pt\/#\/schema\/logo\/image\/\"},\"sameAs\":[\"https:\/\/www.facebook.com\/unitedrentacarchile\"]}]}<\/script>\n<!-- \/ Yoast SEO plugin. -->","yoast_head_json":{"title":"Acordos Comerciais | United Rent-A-Car","robots":{"index":"index","follow":"follow","max-snippet":"max-snippet:-1","max-image-preview":"max-image-preview:large","max-video-preview":"max-video-preview:-1"},"canonical":"https:\/\/www.unitedrentacar.cl\/pt\/acordos-comerciais\/","og_locale":"pt_BR","og_type":"article","og_title":"Acordos Comerciais | United Rent-A-Car","og_description":"Com mais de 30 anos de experi\u00eancia, United Rent a Car tem-se convertido em s\u00f3cio-estrat\u00e9gico de algumas das mais prestigiosas empresas nacionais e estrangeiras, em \u00e1reas t\u00e3o diversas quanto a minera\u00e7\u00e3o, telecomunica\u00e7\u00f5es, m\u00eddia, retail, servi\u00e7os, turismo, entre muitas outras. Sua [&hellip;]","og_url":"https:\/\/www.unitedrentacar.cl\/pt\/acordos-comerciais\/","og_site_name":"United Rent-A-Car","article_publisher":"https:\/\/www.facebook.com\/unitedrentacarchile","article_modified_time":"2024-12-06T21:28:53+00:00","og_image":[{"width":1642,"height":722,"url":"https:\/\/www.unitedrentacar.cl\/pt\/wp-content\/uploads\/2024\/12\/home-hero-widget.jpg","type":"image\/jpeg"}],"twitter_card":"summary_large_image","twitter_misc":{"Est. tempo de leitura":"2 minutos"},"schema":{"@context":"https:\/\/schema.org","@graph":[{"@type":"WebPage","@id":"https:\/\/www.unitedrentacar.cl\/pt\/acordos-comerciais\/","url":"https:\/\/www.unitedrentacar.cl\/pt\/acordos-comerciais\/","name":"Acordos Comerciais | United Rent-A-Car","isPartOf":{"@id":"https:\/\/www.unitedrentacar.cl\/pt\/#website"},"primaryImageOfPage":{"@id":"https:\/\/www.unitedrentacar.cl\/pt\/acordos-comerciais\/#primaryimage"},"image":{"@id":"https:\/\/www.unitedrentacar.cl\/pt\/acordos-comerciais\/#primaryimage"},"thumbnailUrl":"https:\/\/www.unitedrentacar.cl\/pt\/wp-content\/uploads\/2024\/12\/home-hero-widget.jpg","datePublished":"2018-11-27T21:51:30+00:00","dateModified":"2024-12-06T21:28:53+00:00","inLanguage":"pt-BR","potentialAction":[{"@type":"ReadAction","target":["https:\/\/www.unitedrentacar.cl\/pt\/acordos-comerciais\/"]}]},{"@type":"ImageObject","inLanguage":"pt-BR","@id":"https:\/\/www.unitedrentacar.cl\/pt\/acordos-comerciais\/#primaryimage","url":"https:\/\/www.unitedrentacar.cl\/pt\/wp-content\/uploads\/2024\/12\/home-hero-widget.jpg","contentUrl":"https:\/\/www.unitedrentacar.cl\/pt\/wp-content\/uploads\/2024\/12\/home-hero-widget.jpg","width":1642,"height":722},{"@type":"WebSite","@id":"https:\/\/www.unitedrentacar.cl\/pt\/#website","url":"https:\/\/www.unitedrentacar.cl\/pt\/","name":"United Rent-A-Car","description":"Aluguel de Carros no Chile","publisher":{"@id":"https:\/\/www.unitedrentacar.cl\/pt\/#organization"},"potentialAction":[{"@type":"SearchAction","target":{"@type":"EntryPoint","urlTemplate":"https:\/\/www.unitedrentacar.cl\/pt\/?s={search_term_string}"},"query-input":{"@type":"PropertyValueSpecification","valueRequired":true,"valueName":"search_term_string"}}],"inLanguage":"pt-BR"},{"@type":"Organization","@id":"https:\/\/www.unitedrentacar.cl\/pt\/#organization","name":"United Rent A Car","url":"https:\/\/www.unitedrentacar.cl\/pt\/","logo":{"@type":"ImageObject","inLanguage":"pt-BR","@id":"https:\/\/www.unitedrentacar.cl\/pt\/#\/schema\/logo\/image\/","url":"https:\/\/www.unitedrentacar.cl\/pt\/wp-content\/uploads\/2018\/11\/logo-pt.png","contentUrl":"https:\/\/www.unitedrentacar.cl\/pt\/wp-content\/uploads\/2018\/11\/logo-pt.png","width":277,"height":73,"caption":"United Rent A Car"},"image":{"@id":"https:\/\/www.unitedrentacar.cl\/pt\/#\/schema\/logo\/image\/"},"sameAs":["https:\/\/www.facebook.com\/unitedrentacarchile"]}]}},"_links":{"self":[{"href":"https:\/\/www.unitedrentacar.cl\/pt\/wp-json\/wp\/v2\/pages\/4992","targetHints":{"allow":["GET"]}}],"collection":[{"href":"https:\/\/www.unitedrentacar.cl\/pt\/wp-json\/wp\/v2\/pages"}],"about":[{"href":"https:\/\/www.unitedrentacar.cl\/pt\/wp-json\/wp\/v2\/types\/page"}],"author":[{"embeddable":true,"href":"https:\/\/www.unitedrentacar.cl\/pt\/wp-json\/wp\/v2\/users\/2"}],"replies":[{"embeddable":true,"href":"https:\/\/www.unitedrentacar.cl\/pt\/wp-json\/wp\/v2\/comments?post=4992"}],"version-history":[{"count":8,"href":"https:\/\/www.unitedrentacar.cl\/pt\/wp-json\/wp\/v2\/pages\/4992\/revisions"}],"predecessor-version":[{"id":5386,"href":"https:\/\/www.unitedrentacar.cl\/pt\/wp-json\/wp\/v2\/pages\/4992\/revisions\/5386"}],"wp:featuredmedia":[{"embeddable":true,"href":"https:\/\/www.unitedrentacar.cl\/pt\/wp-json\/wp\/v2\/media\/5671"}],"wp:attachment":[{"href":"https:\/\/www.unitedrentacar.cl\/pt\/wp-json\/wp\/v2\/media?parent=4992"}],"curies":[{"name":"wp","href":"https:\/\/api.w.org\/{rel}","templated":true}]}}