{"id":4985,"date":"2018-11-27T17:40:30","date_gmt":"2018-11-27T21:40:30","guid":{"rendered":"https:\/\/www.unitedrentacar.cl\/pt\/?page_id=4985"},"modified":"2024-12-06T18:25:14","modified_gmt":"2024-12-06T21:25:14","slug":"sobre-nos","status":"publish","type":"page","link":"https:\/\/www.unitedrentacar.cl\/pt\/sobre-nos\/","title":{"rendered":"Sobre N\u00f3s"},"content":{"rendered":"<div  class=\"one withsmallpadding ppb_header \" style=\"text-align:left;padding:75px 0 75px 0;background-color:#ffffff;color:#000000;\" >\n<div class=\"standard_wrapper\">\n<div class=\"page_content_wrapper\">\n<div class=\"inner\">\n<div style=\"margin:auto;width:60%\">\n<h2 class=\"ppb_title\" style=\"color:#000000;\">Sobre N\u00f3s<\/h2>\n<div class=\"ppb_header_content\">\n<p>United Rent a Car \u00e9 uma empresa de loca\u00e7\u00e3o de ve\u00edculos fundada em 1986. Mais de 30 anos de experi\u00eancia garantem nosso trabalho e nos consolidamos como uma das principais locadoras da cidade de Santiago.<\/p>\n<p>Estamos orgulhosos de ser uma empresa chilena que ganhou a confian\u00e7a de muitos turistas nacionais e estrangeiros, algumas das empresas mais importantes do pa\u00eds, como tamb\u00e9m de v\u00e1rios organismos do Governo.<\/p>\n<\/div>\n<\/div>\n<\/div>\n<\/div>\n<\/div>\n<\/div>\n<div  class=\"one withsmallpadding ppb_text\" style=\"text-align:left;padding:10px 0 10px 0;\" >\n<div class=\"standard_wrapper\">\n<div class=\"page_content_wrapper\">\n<div class=\"inner\">\n<div style=\"margin:auto;width:60%\">\n<h3 style=\"color: #042c8e; padding-bottom: 1em;\">Nosso compromisso:<\/h3>\n<ul class=\"ewebera_list\">\n<li><span class=\"fa fa-arrow-right\"><i style=\"display: none;\">unitedrentacar<\/i><\/span> Oferecemos uma frota variada e em excelente estado<\/li>\n<li><span class=\"fa fa-arrow-right\"><i style=\"display: none;\">unitedrentacar<\/i><\/span> Oferecemos os melhores pre\u00e7os para quem reserve com tempo<\/li>\n<li><span class=\"fa fa-arrow-right\"><i style=\"display: none;\">unitedrentacar<\/i><\/span> Pol\u00edtica de transpar\u00eancia: Comprometemo-nos a n\u00e3o ter taxas escondidas<\/li>\n<li><span class=\"fa fa-arrow-right\"><i style=\"display: none;\">unitedrentacar<\/i><\/span> Servi\u00e7o 24\/365: estamos sempre dispon\u00edveis para ajud\u00e1-lo, onde quer que voce esteja<\/li>\n<li><span class=\"fa fa-arrow-right\"><i style=\"display: none;\">unitedrentacar<\/i><\/span> Com United voc\u00ea pode dirigir tranquilo<\/li>\n<\/ul>\n<\/div>\n<\/div>\n<\/div>\n<\/div>\n<\/div>\n<div  class=\"one withsmallpadding ppb_text\" style=\"text-align:left;padding:10px 0 10px 0;\" >\n<div class=\"standard_wrapper\">\n<div class=\"page_content_wrapper\">\n<div class=\"inner\">\n<div style=\"margin:auto;width:60%\">\n<h3 style=\"color: #042c8e; padding-bottom: 1em;\">Nuestros servicios:<\/h3>\n<ul class=\"ewebera_list\">\n<li><span class=\"fa fa-arrow-right\"><i style=\"display: none;\">unitedrentacar<\/i><\/span> Loca\u00e7\u00f5es espor\u00e1dicas para empresas e pessoas f\u00edsicas<\/li>\n<li><span class=\"fa fa-arrow-right\"><i style=\"display: none;\">unitedrentacar<\/i><\/span> Conv\u00eanios com empresas para loca\u00e7\u00f5es espor\u00e1dicas ou mensais<\/li>\n<li><span class=\"fa fa-arrow-right\"><i style=\"display: none;\">unitedrentacar<\/i><\/span> Loca\u00e7\u00f5es de longo prazo (leasing operativo)<\/li>\n<\/ul>\n<\/div>\n<\/div>\n<\/div>\n<\/div>\n<\/div>\n","protected":false},"excerpt":{"rendered":"<p>Sobre N\u00f3s United Rent a Car \u00e9 uma empresa de loca\u00e7\u00e3o de ve\u00edculos fundada em 1986. Mais de 30 anos de experi\u00eancia garantem nosso trabalho e nos consolidamos como uma das principais locadoras da cidade de Santiago. Estamos orgulhosos de [&hellip;]<\/p>\n","protected":false},"author":2,"featured_media":5671,"parent":0,"menu_order":0,"comment_status":"closed","ping_status":"closed","template":"","meta":{"_acf_changed":false,"_monsterinsights_skip_tracking":false,"_monsterinsights_sitenote_active":false,"_monsterinsights_sitenote_note":"","_monsterinsights_sitenote_category":0,"footnotes":""},"class_list":["post-4985","page","type-page","status-publish","has-post-thumbnail","hentry"],"acf":[],"yoast_head":"<!-- This site is optimized with the Yoast SEO plugin v27.1.1 - https:\/\/yoast.com\/product\/yoast-seo-wordpress\/ -->\n<title>Sobre N\u00f3s | United Rent-A-Car<\/title>\n<meta name=\"robots\" content=\"index, follow, max-snippet:-1, max-image-preview:large, max-video-preview:-1\" \/>\n<link rel=\"canonical\" href=\"https:\/\/www.unitedrentacar.cl\/pt\/sobre-nos\/\" \/>\n<meta property=\"og:locale\" content=\"pt_BR\" \/>\n<meta property=\"og:type\" content=\"article\" \/>\n<meta property=\"og:title\" content=\"Sobre N\u00f3s | United Rent-A-Car\" \/>\n<meta property=\"og:description\" content=\"Sobre N\u00f3s United Rent a Car \u00e9 uma empresa de loca\u00e7\u00e3o de ve\u00edculos fundada em 1986. Mais de 30 anos de experi\u00eancia garantem nosso trabalho e nos consolidamos como uma das principais locadoras da cidade de Santiago. Estamos orgulhosos de [&hellip;]\" \/>\n<meta property=\"og:url\" content=\"https:\/\/www.unitedrentacar.cl\/pt\/sobre-nos\/\" \/>\n<meta property=\"og:site_name\" content=\"United Rent-A-Car\" \/>\n<meta property=\"article:publisher\" content=\"https:\/\/www.facebook.com\/unitedrentacarchile\" \/>\n<meta property=\"article:modified_time\" content=\"2024-12-06T21:25:14+00:00\" \/>\n<meta property=\"og:image\" content=\"https:\/\/www.unitedrentacar.cl\/pt\/wp-content\/uploads\/2024\/12\/home-hero-widget.jpg\" \/>\n\t<meta property=\"og:image:width\" content=\"1642\" \/>\n\t<meta property=\"og:image:height\" content=\"722\" \/>\n\t<meta property=\"og:image:type\" content=\"image\/jpeg\" \/>\n<meta name=\"twitter:card\" content=\"summary_large_image\" \/>\n<meta name=\"twitter:label1\" content=\"Est. tempo de leitura\" \/>\n\t<meta name=\"twitter:data1\" content=\"1 minuto\" \/>\n<script type=\"application\/ld+json\" class=\"yoast-schema-graph\">{\"@context\":\"https:\/\/schema.org\",\"@graph\":[{\"@type\":\"WebPage\",\"@id\":\"https:\/\/www.unitedrentacar.cl\/pt\/sobre-nos\/\",\"url\":\"https:\/\/www.unitedrentacar.cl\/pt\/sobre-nos\/\",\"name\":\"Sobre N\u00f3s | United Rent-A-Car\",\"isPartOf\":{\"@id\":\"https:\/\/www.unitedrentacar.cl\/pt\/#website\"},\"primaryImageOfPage\":{\"@id\":\"https:\/\/www.unitedrentacar.cl\/pt\/sobre-nos\/#primaryimage\"},\"image\":{\"@id\":\"https:\/\/www.unitedrentacar.cl\/pt\/sobre-nos\/#primaryimage\"},\"thumbnailUrl\":\"https:\/\/www.unitedrentacar.cl\/pt\/wp-content\/uploads\/2024\/12\/home-hero-widget.jpg\",\"datePublished\":\"2018-11-27T21:40:30+00:00\",\"dateModified\":\"2024-12-06T21:25:14+00:00\",\"inLanguage\":\"pt-BR\",\"potentialAction\":[{\"@type\":\"ReadAction\",\"target\":[\"https:\/\/www.unitedrentacar.cl\/pt\/sobre-nos\/\"]}]},{\"@type\":\"ImageObject\",\"inLanguage\":\"pt-BR\",\"@id\":\"https:\/\/www.unitedrentacar.cl\/pt\/sobre-nos\/#primaryimage\",\"url\":\"https:\/\/www.unitedrentacar.cl\/pt\/wp-content\/uploads\/2024\/12\/home-hero-widget.jpg\",\"contentUrl\":\"https:\/\/www.unitedrentacar.cl\/pt\/wp-content\/uploads\/2024\/12\/home-hero-widget.jpg\",\"width\":1642,\"height\":722},{\"@type\":\"WebSite\",\"@id\":\"https:\/\/www.unitedrentacar.cl\/pt\/#website\",\"url\":\"https:\/\/www.unitedrentacar.cl\/pt\/\",\"name\":\"United Rent-A-Car\",\"description\":\"Aluguel de Carros no Chile\",\"publisher\":{\"@id\":\"https:\/\/www.unitedrentacar.cl\/pt\/#organization\"},\"potentialAction\":[{\"@type\":\"SearchAction\",\"target\":{\"@type\":\"EntryPoint\",\"urlTemplate\":\"https:\/\/www.unitedrentacar.cl\/pt\/?s={search_term_string}\"},\"query-input\":{\"@type\":\"PropertyValueSpecification\",\"valueRequired\":true,\"valueName\":\"search_term_string\"}}],\"inLanguage\":\"pt-BR\"},{\"@type\":\"Organization\",\"@id\":\"https:\/\/www.unitedrentacar.cl\/pt\/#organization\",\"name\":\"United Rent A Car\",\"url\":\"https:\/\/www.unitedrentacar.cl\/pt\/\",\"logo\":{\"@type\":\"ImageObject\",\"inLanguage\":\"pt-BR\",\"@id\":\"https:\/\/www.unitedrentacar.cl\/pt\/#\/schema\/logo\/image\/\",\"url\":\"https:\/\/www.unitedrentacar.cl\/pt\/wp-content\/uploads\/2018\/11\/logo-pt.png\",\"contentUrl\":\"https:\/\/www.unitedrentacar.cl\/pt\/wp-content\/uploads\/2018\/11\/logo-pt.png\",\"width\":277,\"height\":73,\"caption\":\"United Rent A Car\"},\"image\":{\"@id\":\"https:\/\/www.unitedrentacar.cl\/pt\/#\/schema\/logo\/image\/\"},\"sameAs\":[\"https:\/\/www.facebook.com\/unitedrentacarchile\"]}]}<\/script>\n<!-- \/ Yoast SEO plugin. -->","yoast_head_json":{"title":"Sobre N\u00f3s | United Rent-A-Car","robots":{"index":"index","follow":"follow","max-snippet":"max-snippet:-1","max-image-preview":"max-image-preview:large","max-video-preview":"max-video-preview:-1"},"canonical":"https:\/\/www.unitedrentacar.cl\/pt\/sobre-nos\/","og_locale":"pt_BR","og_type":"article","og_title":"Sobre N\u00f3s | United Rent-A-Car","og_description":"Sobre N\u00f3s United Rent a Car \u00e9 uma empresa de loca\u00e7\u00e3o de ve\u00edculos fundada em 1986. Mais de 30 anos de experi\u00eancia garantem nosso trabalho e nos consolidamos como uma das principais locadoras da cidade de Santiago. Estamos orgulhosos de [&hellip;]","og_url":"https:\/\/www.unitedrentacar.cl\/pt\/sobre-nos\/","og_site_name":"United Rent-A-Car","article_publisher":"https:\/\/www.facebook.com\/unitedrentacarchile","article_modified_time":"2024-12-06T21:25:14+00:00","og_image":[{"width":1642,"height":722,"url":"https:\/\/www.unitedrentacar.cl\/pt\/wp-content\/uploads\/2024\/12\/home-hero-widget.jpg","type":"image\/jpeg"}],"twitter_card":"summary_large_image","twitter_misc":{"Est. tempo de leitura":"1 minuto"},"schema":{"@context":"https:\/\/schema.org","@graph":[{"@type":"WebPage","@id":"https:\/\/www.unitedrentacar.cl\/pt\/sobre-nos\/","url":"https:\/\/www.unitedrentacar.cl\/pt\/sobre-nos\/","name":"Sobre N\u00f3s | United Rent-A-Car","isPartOf":{"@id":"https:\/\/www.unitedrentacar.cl\/pt\/#website"},"primaryImageOfPage":{"@id":"https:\/\/www.unitedrentacar.cl\/pt\/sobre-nos\/#primaryimage"},"image":{"@id":"https:\/\/www.unitedrentacar.cl\/pt\/sobre-nos\/#primaryimage"},"thumbnailUrl":"https:\/\/www.unitedrentacar.cl\/pt\/wp-content\/uploads\/2024\/12\/home-hero-widget.jpg","datePublished":"2018-11-27T21:40:30+00:00","dateModified":"2024-12-06T21:25:14+00:00","inLanguage":"pt-BR","potentialAction":[{"@type":"ReadAction","target":["https:\/\/www.unitedrentacar.cl\/pt\/sobre-nos\/"]}]},{"@type":"ImageObject","inLanguage":"pt-BR","@id":"https:\/\/www.unitedrentacar.cl\/pt\/sobre-nos\/#primaryimage","url":"https:\/\/www.unitedrentacar.cl\/pt\/wp-content\/uploads\/2024\/12\/home-hero-widget.jpg","contentUrl":"https:\/\/www.unitedrentacar.cl\/pt\/wp-content\/uploads\/2024\/12\/home-hero-widget.jpg","width":1642,"height":722},{"@type":"WebSite","@id":"https:\/\/www.unitedrentacar.cl\/pt\/#website","url":"https:\/\/www.unitedrentacar.cl\/pt\/","name":"United Rent-A-Car","description":"Aluguel de Carros no Chile","publisher":{"@id":"https:\/\/www.unitedrentacar.cl\/pt\/#organization"},"potentialAction":[{"@type":"SearchAction","target":{"@type":"EntryPoint","urlTemplate":"https:\/\/www.unitedrentacar.cl\/pt\/?s={search_term_string}"},"query-input":{"@type":"PropertyValueSpecification","valueRequired":true,"valueName":"search_term_string"}}],"inLanguage":"pt-BR"},{"@type":"Organization","@id":"https:\/\/www.unitedrentacar.cl\/pt\/#organization","name":"United Rent A Car","url":"https:\/\/www.unitedrentacar.cl\/pt\/","logo":{"@type":"ImageObject","inLanguage":"pt-BR","@id":"https:\/\/www.unitedrentacar.cl\/pt\/#\/schema\/logo\/image\/","url":"https:\/\/www.unitedrentacar.cl\/pt\/wp-content\/uploads\/2018\/11\/logo-pt.png","contentUrl":"https:\/\/www.unitedrentacar.cl\/pt\/wp-content\/uploads\/2018\/11\/logo-pt.png","width":277,"height":73,"caption":"United Rent A Car"},"image":{"@id":"https:\/\/www.unitedrentacar.cl\/pt\/#\/schema\/logo\/image\/"},"sameAs":["https:\/\/www.facebook.com\/unitedrentacarchile"]}]}},"_links":{"self":[{"href":"https:\/\/www.unitedrentacar.cl\/pt\/wp-json\/wp\/v2\/pages\/4985","targetHints":{"allow":["GET"]}}],"collection":[{"href":"https:\/\/www.unitedrentacar.cl\/pt\/wp-json\/wp\/v2\/pages"}],"about":[{"href":"https:\/\/www.unitedrentacar.cl\/pt\/wp-json\/wp\/v2\/types\/page"}],"author":[{"embeddable":true,"href":"https:\/\/www.unitedrentacar.cl\/pt\/wp-json\/wp\/v2\/users\/2"}],"replies":[{"embeddable":true,"href":"https:\/\/www.unitedrentacar.cl\/pt\/wp-json\/wp\/v2\/comments?post=4985"}],"version-history":[{"count":6,"href":"https:\/\/www.unitedrentacar.cl\/pt\/wp-json\/wp\/v2\/pages\/4985\/revisions"}],"predecessor-version":[{"id":5385,"href":"https:\/\/www.unitedrentacar.cl\/pt\/wp-json\/wp\/v2\/pages\/4985\/revisions\/5385"}],"wp:featuredmedia":[{"embeddable":true,"href":"https:\/\/www.unitedrentacar.cl\/pt\/wp-json\/wp\/v2\/media\/5671"}],"wp:attachment":[{"href":"https:\/\/www.unitedrentacar.cl\/pt\/wp-json\/wp\/v2\/media?parent=4985"}],"curies":[{"name":"wp","href":"https:\/\/api.w.org\/{rel}","templated":true}]}}