{"id":3671,"date":"2018-03-30T04:25:05","date_gmt":"2018-03-30T04:25:05","guid":{"rendered":"https:\/\/www.unitedrentacar.cl\/pt\/?page_id=3671"},"modified":"2018-11-29T15:35:01","modified_gmt":"2018-11-29T19:35:01","slug":"sucursal-puerto-montt","status":"publish","type":"page","link":"https:\/\/www.unitedrentacar.cl\/pt\/sucursal-puerto-montt\/","title":{"rendered":"Sucursal Puerto Montt"},"content":{"rendered":"<div  class=\"one withsmallpadding ppb_text\" style=\"text-align:left;padding:30px 0 30px 0;\" >\n<div class=\"standard_wrapper\">\n<div class=\"page_content_wrapper\">\n<div class=\"inner\">\n<div style=\"margin:auto;width:100%\">\n<h2 style=\"color: #042c8e;\">Nosso balc\u00e3o de aluguel fica no sagu\u00e3o principal do Aeroporto de Puerto Montt (PMC)<\/h2>\n<p>Procure nosso balc\u00e3o de aluguel no sagu\u00e3o principal do aeroporto El Tepual, na sa\u00edda da \u00e1rea de retirada de bagagens.<\/p>\n<p>Reserve online hoje e obtenha a melhor tarifa com tudo inclu\u00eddo! Para mais informa\u00e7\u00f5es, ligue para +56 22 737 9650 ou envie-nos um email para <a href=\"mailto:info@unitedrentacar.cl\"><u>info@unitedrentacar.cl<\/u><\/a><\/p>\n<\/div>\n<\/div>\n<\/div>\n<\/div>\n<\/div>\n","protected":false},"excerpt":{"rendered":"<p>Nosso balc\u00e3o de aluguel fica no sagu\u00e3o principal do Aeroporto de Puerto Montt (PMC) Procure nosso balc\u00e3o de aluguel no sagu\u00e3o principal do aeroporto El Tepual, na sa\u00edda da \u00e1rea de retirada de bagagens. Reserve online hoje e obtenha a [&hellip;]<\/p>\n","protected":false},"author":2,"featured_media":4813,"parent":0,"menu_order":0,"comment_status":"closed","ping_status":"closed","template":"","meta":{"_acf_changed":false,"_monsterinsights_skip_tracking":false,"_monsterinsights_sitenote_active":false,"_monsterinsights_sitenote_note":"","_monsterinsights_sitenote_category":0,"footnotes":""},"class_list":["post-3671","page","type-page","status-publish","has-post-thumbnail","hentry"],"acf":[],"yoast_head":"<!-- This site is optimized with the Yoast SEO plugin v27.5 - https:\/\/yoast.com\/product\/yoast-seo-wordpress\/ -->\n<title>Sucursal Puerto Montt | United Rent-A-Car<\/title>\n<meta name=\"robots\" content=\"index, follow, max-snippet:-1, max-image-preview:large, max-video-preview:-1\" \/>\n<link rel=\"canonical\" href=\"https:\/\/www.unitedrentacar.cl\/pt\/sucursal-puerto-montt\/\" \/>\n<meta property=\"og:locale\" content=\"pt_BR\" \/>\n<meta property=\"og:type\" content=\"article\" \/>\n<meta property=\"og:title\" content=\"Sucursal Puerto Montt | United Rent-A-Car\" \/>\n<meta property=\"og:description\" content=\"Nosso balc\u00e3o de aluguel fica no sagu\u00e3o principal do Aeroporto de Puerto Montt (PMC) Procure nosso balc\u00e3o de aluguel no sagu\u00e3o principal do aeroporto El Tepual, na sa\u00edda da \u00e1rea de retirada de bagagens. Reserve online hoje e obtenha a [&hellip;]\" \/>\n<meta property=\"og:url\" content=\"https:\/\/www.unitedrentacar.cl\/pt\/sucursal-puerto-montt\/\" \/>\n<meta property=\"og:site_name\" content=\"United Rent-A-Car\" \/>\n<meta property=\"article:publisher\" content=\"https:\/\/www.facebook.com\/unitedrentacarchile\" \/>\n<meta property=\"article:modified_time\" content=\"2018-11-29T19:35:01+00:00\" \/>\n<meta property=\"og:image\" content=\"https:\/\/www.unitedrentacar.cl\/pt\/wp-content\/uploads\/2018\/08\/header-image-el-tepual.jpg\" \/>\n\t<meta property=\"og:image:width\" content=\"1642\" \/>\n\t<meta property=\"og:image:height\" content=\"722\" \/>\n\t<meta property=\"og:image:type\" content=\"image\/jpeg\" \/>\n<meta name=\"twitter:card\" content=\"summary_large_image\" \/>\n<script type=\"application\/ld+json\" class=\"yoast-schema-graph\">{\"@context\":\"https:\\\/\\\/schema.org\",\"@graph\":[{\"@type\":\"WebPage\",\"@id\":\"https:\\\/\\\/www.unitedrentacar.cl\\\/pt\\\/sucursal-puerto-montt\\\/\",\"url\":\"https:\\\/\\\/www.unitedrentacar.cl\\\/pt\\\/sucursal-puerto-montt\\\/\",\"name\":\"Sucursal Puerto Montt | United Rent-A-Car\",\"isPartOf\":{\"@id\":\"https:\\\/\\\/www.unitedrentacar.cl\\\/pt\\\/#website\"},\"primaryImageOfPage\":{\"@id\":\"https:\\\/\\\/www.unitedrentacar.cl\\\/pt\\\/sucursal-puerto-montt\\\/#primaryimage\"},\"image\":{\"@id\":\"https:\\\/\\\/www.unitedrentacar.cl\\\/pt\\\/sucursal-puerto-montt\\\/#primaryimage\"},\"thumbnailUrl\":\"https:\\\/\\\/www.unitedrentacar.cl\\\/pt\\\/wp-content\\\/uploads\\\/2018\\\/08\\\/header-image-el-tepual.jpg\",\"datePublished\":\"2018-03-30T04:25:05+00:00\",\"dateModified\":\"2018-11-29T19:35:01+00:00\",\"inLanguage\":\"pt-BR\",\"potentialAction\":[{\"@type\":\"ReadAction\",\"target\":[\"https:\\\/\\\/www.unitedrentacar.cl\\\/pt\\\/sucursal-puerto-montt\\\/\"]}]},{\"@type\":\"ImageObject\",\"inLanguage\":\"pt-BR\",\"@id\":\"https:\\\/\\\/www.unitedrentacar.cl\\\/pt\\\/sucursal-puerto-montt\\\/#primaryimage\",\"url\":\"https:\\\/\\\/www.unitedrentacar.cl\\\/pt\\\/wp-content\\\/uploads\\\/2018\\\/08\\\/header-image-el-tepual.jpg\",\"contentUrl\":\"https:\\\/\\\/www.unitedrentacar.cl\\\/pt\\\/wp-content\\\/uploads\\\/2018\\\/08\\\/header-image-el-tepual.jpg\",\"width\":1642,\"height\":722},{\"@type\":\"WebSite\",\"@id\":\"https:\\\/\\\/www.unitedrentacar.cl\\\/pt\\\/#website\",\"url\":\"https:\\\/\\\/www.unitedrentacar.cl\\\/pt\\\/\",\"name\":\"United Rent-A-Car\",\"description\":\"Aluguel de Carros no Chile\",\"publisher\":{\"@id\":\"https:\\\/\\\/www.unitedrentacar.cl\\\/pt\\\/#organization\"},\"potentialAction\":[{\"@type\":\"SearchAction\",\"target\":{\"@type\":\"EntryPoint\",\"urlTemplate\":\"https:\\\/\\\/www.unitedrentacar.cl\\\/pt\\\/?s={search_term_string}\"},\"query-input\":{\"@type\":\"PropertyValueSpecification\",\"valueRequired\":true,\"valueName\":\"search_term_string\"}}],\"inLanguage\":\"pt-BR\"},{\"@type\":\"Organization\",\"@id\":\"https:\\\/\\\/www.unitedrentacar.cl\\\/pt\\\/#organization\",\"name\":\"United Rent A Car\",\"url\":\"https:\\\/\\\/www.unitedrentacar.cl\\\/pt\\\/\",\"logo\":{\"@type\":\"ImageObject\",\"inLanguage\":\"pt-BR\",\"@id\":\"https:\\\/\\\/www.unitedrentacar.cl\\\/pt\\\/#\\\/schema\\\/logo\\\/image\\\/\",\"url\":\"https:\\\/\\\/www.unitedrentacar.cl\\\/pt\\\/wp-content\\\/uploads\\\/2018\\\/11\\\/logo-pt.png\",\"contentUrl\":\"https:\\\/\\\/www.unitedrentacar.cl\\\/pt\\\/wp-content\\\/uploads\\\/2018\\\/11\\\/logo-pt.png\",\"width\":277,\"height\":73,\"caption\":\"United Rent A Car\"},\"image\":{\"@id\":\"https:\\\/\\\/www.unitedrentacar.cl\\\/pt\\\/#\\\/schema\\\/logo\\\/image\\\/\"},\"sameAs\":[\"https:\\\/\\\/www.facebook.com\\\/unitedrentacarchile\"]}]}<\/script>\n<!-- \/ Yoast SEO plugin. -->","yoast_head_json":{"title":"Sucursal Puerto Montt | United Rent-A-Car","robots":{"index":"index","follow":"follow","max-snippet":"max-snippet:-1","max-image-preview":"max-image-preview:large","max-video-preview":"max-video-preview:-1"},"canonical":"https:\/\/www.unitedrentacar.cl\/pt\/sucursal-puerto-montt\/","og_locale":"pt_BR","og_type":"article","og_title":"Sucursal Puerto Montt | United Rent-A-Car","og_description":"Nosso balc\u00e3o de aluguel fica no sagu\u00e3o principal do Aeroporto de Puerto Montt (PMC) Procure nosso balc\u00e3o de aluguel no sagu\u00e3o principal do aeroporto El Tepual, na sa\u00edda da \u00e1rea de retirada de bagagens. Reserve online hoje e obtenha a [&hellip;]","og_url":"https:\/\/www.unitedrentacar.cl\/pt\/sucursal-puerto-montt\/","og_site_name":"United Rent-A-Car","article_publisher":"https:\/\/www.facebook.com\/unitedrentacarchile","article_modified_time":"2018-11-29T19:35:01+00:00","og_image":[{"width":1642,"height":722,"url":"https:\/\/www.unitedrentacar.cl\/pt\/wp-content\/uploads\/2018\/08\/header-image-el-tepual.jpg","type":"image\/jpeg"}],"twitter_card":"summary_large_image","schema":{"@context":"https:\/\/schema.org","@graph":[{"@type":"WebPage","@id":"https:\/\/www.unitedrentacar.cl\/pt\/sucursal-puerto-montt\/","url":"https:\/\/www.unitedrentacar.cl\/pt\/sucursal-puerto-montt\/","name":"Sucursal Puerto Montt | United Rent-A-Car","isPartOf":{"@id":"https:\/\/www.unitedrentacar.cl\/pt\/#website"},"primaryImageOfPage":{"@id":"https:\/\/www.unitedrentacar.cl\/pt\/sucursal-puerto-montt\/#primaryimage"},"image":{"@id":"https:\/\/www.unitedrentacar.cl\/pt\/sucursal-puerto-montt\/#primaryimage"},"thumbnailUrl":"https:\/\/www.unitedrentacar.cl\/pt\/wp-content\/uploads\/2018\/08\/header-image-el-tepual.jpg","datePublished":"2018-03-30T04:25:05+00:00","dateModified":"2018-11-29T19:35:01+00:00","inLanguage":"pt-BR","potentialAction":[{"@type":"ReadAction","target":["https:\/\/www.unitedrentacar.cl\/pt\/sucursal-puerto-montt\/"]}]},{"@type":"ImageObject","inLanguage":"pt-BR","@id":"https:\/\/www.unitedrentacar.cl\/pt\/sucursal-puerto-montt\/#primaryimage","url":"https:\/\/www.unitedrentacar.cl\/pt\/wp-content\/uploads\/2018\/08\/header-image-el-tepual.jpg","contentUrl":"https:\/\/www.unitedrentacar.cl\/pt\/wp-content\/uploads\/2018\/08\/header-image-el-tepual.jpg","width":1642,"height":722},{"@type":"WebSite","@id":"https:\/\/www.unitedrentacar.cl\/pt\/#website","url":"https:\/\/www.unitedrentacar.cl\/pt\/","name":"United Rent-A-Car","description":"Aluguel de Carros no Chile","publisher":{"@id":"https:\/\/www.unitedrentacar.cl\/pt\/#organization"},"potentialAction":[{"@type":"SearchAction","target":{"@type":"EntryPoint","urlTemplate":"https:\/\/www.unitedrentacar.cl\/pt\/?s={search_term_string}"},"query-input":{"@type":"PropertyValueSpecification","valueRequired":true,"valueName":"search_term_string"}}],"inLanguage":"pt-BR"},{"@type":"Organization","@id":"https:\/\/www.unitedrentacar.cl\/pt\/#organization","name":"United Rent A Car","url":"https:\/\/www.unitedrentacar.cl\/pt\/","logo":{"@type":"ImageObject","inLanguage":"pt-BR","@id":"https:\/\/www.unitedrentacar.cl\/pt\/#\/schema\/logo\/image\/","url":"https:\/\/www.unitedrentacar.cl\/pt\/wp-content\/uploads\/2018\/11\/logo-pt.png","contentUrl":"https:\/\/www.unitedrentacar.cl\/pt\/wp-content\/uploads\/2018\/11\/logo-pt.png","width":277,"height":73,"caption":"United Rent A Car"},"image":{"@id":"https:\/\/www.unitedrentacar.cl\/pt\/#\/schema\/logo\/image\/"},"sameAs":["https:\/\/www.facebook.com\/unitedrentacarchile"]}]}},"_links":{"self":[{"href":"https:\/\/www.unitedrentacar.cl\/pt\/wp-json\/wp\/v2\/pages\/3671","targetHints":{"allow":["GET"]}}],"collection":[{"href":"https:\/\/www.unitedrentacar.cl\/pt\/wp-json\/wp\/v2\/pages"}],"about":[{"href":"https:\/\/www.unitedrentacar.cl\/pt\/wp-json\/wp\/v2\/types\/page"}],"author":[{"embeddable":true,"href":"https:\/\/www.unitedrentacar.cl\/pt\/wp-json\/wp\/v2\/users\/2"}],"replies":[{"embeddable":true,"href":"https:\/\/www.unitedrentacar.cl\/pt\/wp-json\/wp\/v2\/comments?post=3671"}],"version-history":[{"count":7,"href":"https:\/\/www.unitedrentacar.cl\/pt\/wp-json\/wp\/v2\/pages\/3671\/revisions"}],"predecessor-version":[{"id":5048,"href":"https:\/\/www.unitedrentacar.cl\/pt\/wp-json\/wp\/v2\/pages\/3671\/revisions\/5048"}],"wp:featuredmedia":[{"embeddable":true,"href":"https:\/\/www.unitedrentacar.cl\/pt\/wp-json\/wp\/v2\/media\/4813"}],"wp:attachment":[{"href":"https:\/\/www.unitedrentacar.cl\/pt\/wp-json\/wp\/v2\/media?parent=3671"}],"curies":[{"name":"wp","href":"https:\/\/api.w.org\/{rel}","templated":true}]}}