{"id":3666,"date":"2018-03-30T04:22:26","date_gmt":"2018-03-30T04:22:26","guid":{"rendered":"https:\/\/www.unitedrentacar.cl\/pt\/?page_id=3666"},"modified":"2018-11-29T12:14:27","modified_gmt":"2018-11-29T16:14:27","slug":"politica-de-privacidade","status":"publish","type":"page","link":"https:\/\/www.unitedrentacar.cl\/pt\/politica-de-privacidade\/","title":{"rendered":"Pol\u00edtica de Privacidade"},"content":{"rendered":"<div  class=\"one withsmallpadding ppb_header \" style=\"text-align:left;padding:30px 0 30px 0;\" >\n<div class=\"overlay_background\" style=\"background:#000000;background:rgb(0,0,0,1);background:rgba(0,0,0,1);\"><\/div>\n<div class=\"standard_wrapper\">\n<div class=\"page_content_wrapper\">\n<div class=\"inner\">\n<div style=\"margin:auto;width:100%\">\n<h2 class=\"ppb_title\" style=\"\">Pol\u00edtica de Privacidade<\/h2>\n<\/div>\n<\/div>\n<\/div>\n<\/div>\n<\/div>\n<div  class=\"one withsmallpadding ppb_text\" style=\"text-align:left;padding:30px 0 30px 0;\" >\n<div class=\"standard_wrapper\">\n<div class=\"page_content_wrapper\">\n<div class=\"inner\">\n<div style=\"margin:auto;width:100%\">\n<p>Esta pol\u00edtica de privacidade foi desenvolvida para o melhor atendimento das pessoas que estejam preocupadas de como suas informa\u00e7\u00f5es de identifica\u00e7\u00e3o pessoais (IIP) \u00e9 utilizado em linha. IIP \u00e9 informa\u00e7\u00e3o que pode ser utilizada para identificar, contatar ou localizar uma pessoa. Por favor, leia nossa pol\u00edtica de privacidade cuidadosamente para compreender com claridade como n\u00f3s coletamos, usamos, protegemos ou manipulamos seu IIP em nosso site e sistemas computacionais.<\/p>\n<p><strong>Quais s\u00e3o as informa\u00e7\u00f5es pessoais que coletamos das pessoas que visitam nosso site?<\/strong><br \/>\nVoc\u00ea n\u00e3o ser\u00e1 obrigado a fornecer informa\u00e7\u00f5es de identifica\u00e7\u00e3o pessoal, como condi\u00e7\u00e3o para navegar em nosso site ou para utilizar o nosso sistema de cota\u00e7\u00e3o on-line. Para reservar um carro em nosso site voc\u00ea ter\u00e1 que fornecer seu nome, endere\u00e7o de e-mail, endere\u00e7o residencial, n\u00famero de telefone, informa\u00e7\u00f5es de cart\u00e3o de cr\u00e9dito, n\u00famero e data de validade sua carteira de motorista.<\/p>\n<p><strong>Quando coletamos informa\u00e7\u00f5es?<\/strong><br \/>\nColetamos informa\u00e7\u00f5es quando e feita uma reserva em nosso site.<\/p>\n<p><strong>Como e usada a sua informa\u00e7\u00e3o?<\/strong><br \/>\nPodemos usar as informa\u00e7\u00f5es que coletamos para facilitar as transa\u00e7\u00f5es com voc\u00ea, para melhorar o nosso site e sua experi\u00eancia como cliente e fazer a suas visitas futuras a nosso site mais f\u00e1cil e personalizada para voc\u00ea.<\/p>\n<p><strong>Como podemos proteger as informa\u00e7\u00f5es de nossos visitantes?<\/strong><br \/>\nNosso site \u00e9 verificado regularmente por defici\u00eancias de seguran\u00e7a e vulnerabilidades conhecidos para tornar a sua visita ao nosso site o mais segura poss\u00edvel.<\/p>\n<p>As suas informa\u00e7\u00f5es pessoais est\u00e3o contidas em redes e sistemas garantidos s\u00e3o acess\u00edveis apenas por um n\u00famero limitado de pessoas que t\u00eam direitos especiais de acesso aos sistemas acima, e s\u00e3o obrigados a manter as informa\u00e7\u00f5es confidenciais. Al\u00e9m disso, todas as informa\u00e7\u00f5es pessoais sens\u00edveis, como o seu cart\u00e3o de cr\u00e9dito s\u00e3o criptografados via SSL (Secure Socket Layer) antes de ser transmitida a partir do seu computador para os nossos servidores.<\/p>\n<p>Implementamos uma s\u00e9rie de medidas de seguran\u00e7a quando um usu\u00e1rio faz uma reserva, envia ou acessa suas informa\u00e7\u00f5es pessoais, a fim de preservar a confidencialidade de suas informa\u00e7\u00f5es.<\/p>\n<p><strong>Utilizamos \u201dcookies\u201d?<\/strong><br \/>\nSim. Os \u201cCookies\u201d s\u00e3o pequenos arquivos que um site ou seu fornecedor de servi\u00e7os guardados no disco r\u00edgido do seu computador atrav\u00e9s de seu navegador web (sempre que voc\u00ea permitir) que a ativado os sistemas ou servi\u00e7os do site o provedor de servi\u00e7os para reconhecer o seu browser e capturar e lembrar de suas sele\u00e7\u00f5es por voc\u00ea e para efetuar a suas reservas. \u201cCookies\u201d tamb\u00e9m nos ajudam compreender as suas prefer\u00eancias com base na atividade anterior ou atual em nosso site, o que nos permite melhorar o servi\u00e7o aos clientes. N\u00f3s tamb\u00e9m usamos \u201ccookies\u201d para compilar tr\u00e1fego agregado ao nosso site e intera\u00e7\u00e3o com o local, a fim de proporcionar conhecimentos e melhorada ferramentas no futuro. N\u00e3o armazenamos senhas ou outras informa\u00e7\u00f5es confidenciais em as \u201ccookies\u201d.<\/p>\n<p>Utilizamos as \u201dcookies\u201d para:<br \/>\n\u2022 Lembrar e processar as op\u00e7\u00f5es feitas por voc\u00ea para a sua reserva.<br \/>\n\u2022 Fazer seguimento de an\u00fancios publicit\u00e1rios.<br \/>\n\u2022 Compilar tr\u00e1fego agregado ao site informa\u00e7\u00f5es e intera\u00e7\u00f5es<br \/>\ndentro do site, a fim de oferecer uma experi\u00eancia e as ferramentas melhorada no futuro. Podemos tamb\u00e9m utilizar os servi\u00e7os de terceiros confian\u00e7a pode acompanhar essa informa\u00e7\u00e3o de n\u00f3s.<br \/>\nVoc\u00ea pode escolher se quer ter o seu computador avis\u00e1-lo cada vez que um \u201ccookie\u201d est\u00e1 sendo enviado ou voc\u00ea tamb\u00e9m pode optar por desativar completamente \u201ccookies\u201d. Voc\u00ea pode fazer isso atrav\u00e9s das configura\u00e7\u00f5es do seu navegador. Cada navegador \u00e9 diferente, por isso \u00e9 aconselh\u00e1vel verificar a se\u00e7\u00e3o \u201cAjuda\u201d do seu navegador para saber como configurar a manipula\u00e7\u00e3o de \u201ccookies\u201d.<\/p>\n<p><strong>O que aconteceria se os usu\u00e1rios desativam os \u201ccookies\u201d no seu navegador?<\/strong><br \/>\nSe voc\u00ea desativar \u201ccookies\u201d em seu navegador, alguns recursos e servi\u00e7os nosso site, que permitem experi\u00eancia eficiente ser\u00e1 desativado ou deixar\u00e1 de funcionar corretamente. No entanto, voc\u00ea sempre tem a op\u00e7\u00e3o de fazer reservas por telefone ou e-mail.<\/p>\n<p><strong>Divulga\u00e7\u00e3o a terceiros<\/strong><br \/>\nN\u00f3s n\u00e3o iremos vender, comercializar ou transferir a terceiros as suas informa\u00e7\u00f5es identifica\u00e7\u00e3o pessoal. Isso n\u00e3o inclui os servi\u00e7os de hospedagem web que usam ou outras partes que nos auxiliam no funcionamento do nosso site, conduzindo nosso neg\u00f3cio ou servir os nossos clientes, desde que estes terceiros que concordem para manter a confidencialidade das informa\u00e7\u00f5es. Podemos tamb\u00e9m divulgar informa\u00e7\u00f5es quando acreditamos que \u00e9 apropriado para cumprir a lei, fazer cumprir as pol\u00edticas nosso site ou proteger os direitos, a propriedade ou a seguran\u00e7a de nossa ou de terceiros.<\/p>\n<p>No entanto, informa\u00e7\u00f5es de visitas sem dados pessoais podem ser fornecidas a terceiros para marketing, publicidade ou outros usos.<\/p>\n<p><strong>Links de Terceiros<\/strong><br \/>\nN\u00f3s n\u00e3o vendemos produtos ou servi\u00e7os de terceiros no nosso website.<\/p>\n<p><strong>Google<\/strong><br \/>\nOs requisitos para anunciar no Google s\u00e3o resumidos em suas <a href=\"https:\/\/support.google.com\/adwordspolicy\/answer\/1316548?hl=pt\" target=\"_blank\" rel=\"noopener\"><u>Pol\u00edticas Adwords<\/u><\/a> e foram estabelecidos para fornecer uma experi\u00eancia positiva para os usu\u00e1rios.<\/p>\n<p>United Rent-A-Car utiliza os servi\u00e7os de \u201cremarketing\u201d do Google Adwords para publicar an\u00fancios em sites web de terceiros (incluindo Google) para visitantes anterior ao nosso site atrav\u00e9s da coloca\u00e7\u00e3o de um \u201ccookie\u201d no seu computador. Este \u201ccookie\u201d n\u00e3o cont\u00e9m nenhuma informa\u00e7\u00e3o de identifica\u00e7\u00e3o pessoal nem tamb\u00e9m fornece acesso ao seu computador. Isso pode significar que n\u00f3s publicamos an\u00fancios para visitantes anteriores ao nosso site que n\u00e3o necessariamente ha completado uma tarefa em nosso site, como fazer uma reserva ou preencher um formul\u00e1rio de contato. Isto pode assumir a forma de um aviso nas p\u00e1ginas os resultados da pesquisa do Google ou em qualquer site da Rede de Display do Google. Terceiros fornecedores de servi\u00e7os, incluindo o Google, usam as \u201ccookies\u201d para servir com base em visitas anteriores a uma pessoa ao site da United Rent-A-Car. Isso nos permite oferecer promo\u00e7\u00f5es e atividades especiais fazer marketing para as pessoas que demonstraram interesse em nosso servi\u00e7o.<\/p>\n<p>Voc\u00ea pode definir suas prefer\u00eancias de como Google oferece publicidade<br \/>\nusando a <a href=\"http:\/\/www.google.com\/settings\/ads\" target=\"_blank\" rel=\"noopener\"><u>pagina de configura\u00e7\u00f5es de an\u00fancios do Google<\/u><\/a> e se voc\u00ea quiser, voc\u00ea pode escolher n\u00e3o receber publicidade de Google em base a seus interesses configurando a gest\u00e3o de as \u201ccookies\u201d no seu navegador web ou permanentemente usando uma extens\u00e3o (Plug-in) para o seu navegador. Voc\u00ea tamb\u00e9m pode optar por n\u00e3o receber as \u201ccookies\u201d de terceiros atrav\u00e9s da <a href=\"http:\/\/www.networkadvertising.org\/managing\/opt_out.asp\" target=\"_blank\" rel=\"noopener\"><u>p\u00e1gina de inabilita\u00e7\u00e3o de Network Advertising Initiative<\/u><\/a>.<\/p>\n<p>N\u00f3s n\u00e3o ativou o servi\u00e7o Google Adsense em nosso site, mas poder\u00edamos ativ\u00e1-lo no futuro.<\/p>\n<p><strong>California Online Privacy Protection Act (CalOPPA)<\/strong><br \/>\nCalOPPA \u00e9 uma lei exigindo que sites e servi\u00e7os comerciais on-line a publicar uma pol\u00edtica de privacidade. Qualquer pessoa ou empresa que opera um site que recolhe informa\u00e7\u00f5es pessoalmente identific\u00e1veis consumidores devem publicar uma pol\u00edtica de privacidade em um local vis\u00edvel em seu site, afirmando exatamente quais informa\u00e7\u00f5es s\u00e3o coletadas, com quem compartilha a informa\u00e7\u00e3o e como ela vai cumprir com a pol\u00edtica. Mais informa\u00e7\u00f5es est\u00e3o dispon\u00edveis em: http:\/\/consumercal.org\/california-online-privacy-protection-act-caloppa\/<\/p>\n<p>De acordo com CalOPPA estamos de acordo com o seguinte:<br \/>\n\u2022 Os usu\u00e1rios podem visitar o nosso site de forma an\u00f4nima<br \/>\n\u2022 Depois de ter criado esta pol\u00edtica de privacidade, iremos adicionar um link para ele no pagina inicial do nosso site.<br \/>\n\u2022 Nossa Pol\u00edtica de Privacidade inclui a palavra \u201cprivacidade\u201d e pode ser facilmente encontradas na p\u00e1gina acima estipulado.<br \/>\nOs usu\u00e1rios s\u00e3o notificados das altera\u00e7\u00f5es \u00e0 nossa pol\u00edtica de privacidade no p\u00e1gina Pol\u00edtica de Privacidade.<\/p>\n<p>Os usu\u00e1rios podem modificar suas informa\u00e7\u00f5es pessoais por telefone ou e-mail.<\/p>\n<p><strong>Como se dirigem sinais de n\u00e3o seguimento em nosso site?<\/strong><br \/>\nHonramos nenhum sinal de rastreamento, portanto, n\u00e3o controlar, enviar \u201ccookies\u201d, nem fazemos publicidade quando o navegador web tem um mecanismo de monitoramento n\u00e3o ativado.<\/p>\n<p><strong>Nosso site permite que o rastreamento de comportamento de terceiros?<\/strong><br \/>\n\u00c9 importante notar que n\u00f3s permitimos que o comportamento de rastreamento terceiros.<\/p>\n<p><strong>COPPA (Lei de prote\u00e7\u00e3o da privacidade on-line das crian\u00e7as)<\/strong><br \/>\nQuando se trata da coleta de informa\u00e7\u00f5es pessoais de crian\u00e7as com idade inferior a 13, COPPA d\u00e1 o controle para os pais. A Comiss\u00e3o Federal de Com\u00e9rcio, ag\u00eancia que protege os consumidores em os EUA, imp\u00f5e regras COPPA, detalhando o que os operadores de sites e servi\u00e7os on-line deve fazer para proteger a privacidade e seguran\u00e7a online dos menores de idade.<\/p>\n<p>N\u00f3s n\u00e3o comercializamos especificamente a crian\u00e7as menores de 13 anos.<\/p>\n<p><strong>Pr\u00e1ticas de Informa\u00e7\u00f5es Justas (Fair Information Practices)<\/strong><br \/>\nOs princ\u00edpios de pr\u00e1ticas de informa\u00e7\u00e3o justas formam a espinha dorsal da lei de privacidade em os E.E.U.U. e os conceitos que est\u00e3o inclu\u00eddos t\u00eam desempenhado um papel significativo no desenvolvimento de leis de prote\u00e7\u00e3o de dados em o mundo inteiro. A compreens\u00e3o dos princ\u00edpios de pr\u00e1ticas de informa\u00e7\u00e3o justas e como eles devem ser feitas \u00e9 essencial para cumprir as v\u00e1rias leis de privacidade que protegem as informa\u00e7\u00f5es pessoais.<\/p>\n<p>A fim de estar em sintonia com a Feira Pr\u00e1ticas de Informa\u00e7\u00f5es ter\u00e1 o na sequ\u00eancia das medidas, se ocorrer uma viola\u00e7\u00e3o de dados:<\/p>\n<p>Ser\u00e1 que notificar os usu\u00e1rios por meio de um aviso em nosso site dentro um dia \u00fatil do incidente e por e-mail no prazo de 7 dias uteis.<\/p>\n<p>Tamb\u00e9m concordamos com o princ\u00edpio de al\u00edvio individual, que requer que os indiv\u00edduos t\u00eam o direito de buscar os direitos juridicamente vinculativos contra os coletores de dados e processadores que n\u00e3o aderem \u00e0 lei. Este princ\u00edpio exige n\u00e3o s\u00f3 que os indiv\u00edduos t\u00eam direitos opon\u00edveis contra usu\u00e1rios de dados, mas tamb\u00e9m que as pessoas podem ir a tribunal ou uma ag\u00eancia do governo para investigar e \/ ou processar o fracasso de entidades de processamento de dados.<\/p>\n<p><strong>Detalhes de Contato<\/strong><br \/>\nSe voc\u00ea tiver alguma d\u00favida sobre esta pol\u00edtica de privacidade, voc\u00ea pode entrar em contato conosco usando as informa\u00e7\u00f5es abaixo:<\/p>\n<p>United Rent-A-Car<br \/>\nBellavista 0195<br \/>\nProvidencia<br \/>\nSantiago<br \/>\nChile<\/p>\n<p>info@Unitedrentacar.cl<br \/>\n+56 22 737 9650<\/p>\n<\/div>\n<\/div>\n<\/div>\n<\/div>\n<\/div>\n","protected":false},"excerpt":{"rendered":"<p>Pol\u00edtica de Privacidade Esta pol\u00edtica de privacidade foi desenvolvida para o melhor atendimento das pessoas que estejam preocupadas de como suas informa\u00e7\u00f5es de identifica\u00e7\u00e3o pessoais (IIP) \u00e9 utilizado em linha. IIP \u00e9 informa\u00e7\u00e3o que pode ser utilizada para identificar, contatar [&hellip;]<\/p>\n","protected":false},"author":2,"featured_media":3668,"parent":0,"menu_order":0,"comment_status":"closed","ping_status":"closed","template":"","meta":{"_acf_changed":false,"_monsterinsights_skip_tracking":false,"_monsterinsights_sitenote_active":false,"_monsterinsights_sitenote_note":"","_monsterinsights_sitenote_category":0,"footnotes":""},"class_list":["post-3666","page","type-page","status-publish","has-post-thumbnail","hentry"],"acf":[],"yoast_head":"<!-- This site is optimized with the Yoast SEO plugin v27.1.1 - https:\/\/yoast.com\/product\/yoast-seo-wordpress\/ -->\n<title>Pol\u00edtica de Privacidade | United Rent-A-Car<\/title>\n<meta name=\"robots\" content=\"index, follow, max-snippet:-1, max-image-preview:large, max-video-preview:-1\" \/>\n<link rel=\"canonical\" href=\"https:\/\/www.unitedrentacar.cl\/pt\/politica-de-privacidade\/\" \/>\n<meta property=\"og:locale\" content=\"pt_BR\" \/>\n<meta property=\"og:type\" content=\"article\" \/>\n<meta property=\"og:title\" content=\"Pol\u00edtica de Privacidade | United Rent-A-Car\" \/>\n<meta property=\"og:description\" content=\"Pol\u00edtica de Privacidade Esta pol\u00edtica de privacidade foi desenvolvida para o melhor atendimento das pessoas que estejam preocupadas de como suas informa\u00e7\u00f5es de identifica\u00e7\u00e3o pessoais (IIP) \u00e9 utilizado em linha. IIP \u00e9 informa\u00e7\u00e3o que pode ser utilizada para identificar, contatar [&hellip;]\" \/>\n<meta property=\"og:url\" content=\"https:\/\/www.unitedrentacar.cl\/pt\/politica-de-privacidade\/\" \/>\n<meta property=\"og:site_name\" content=\"United Rent-A-Car\" \/>\n<meta property=\"article:publisher\" content=\"https:\/\/www.facebook.com\/unitedrentacarchile\" \/>\n<meta property=\"article:modified_time\" content=\"2018-11-29T16:14:27+00:00\" \/>\n<meta property=\"og:image\" content=\"https:\/\/www.unitedrentacar.cl\/pt\/wp-content\/uploads\/2018\/03\/privacidad.jpg\" \/>\n\t<meta property=\"og:image:width\" content=\"731\" \/>\n\t<meta property=\"og:image:height\" content=\"292\" \/>\n\t<meta property=\"og:image:type\" content=\"image\/jpeg\" \/>\n<meta name=\"twitter:card\" content=\"summary_large_image\" \/>\n<meta name=\"twitter:label1\" content=\"Est. tempo de leitura\" \/>\n\t<meta name=\"twitter:data1\" content=\"9 minutos\" \/>\n<script type=\"application\/ld+json\" class=\"yoast-schema-graph\">{\"@context\":\"https:\/\/schema.org\",\"@graph\":[{\"@type\":\"WebPage\",\"@id\":\"https:\/\/www.unitedrentacar.cl\/pt\/politica-de-privacidade\/\",\"url\":\"https:\/\/www.unitedrentacar.cl\/pt\/politica-de-privacidade\/\",\"name\":\"Pol\u00edtica de Privacidade | United Rent-A-Car\",\"isPartOf\":{\"@id\":\"https:\/\/www.unitedrentacar.cl\/pt\/#website\"},\"primaryImageOfPage\":{\"@id\":\"https:\/\/www.unitedrentacar.cl\/pt\/politica-de-privacidade\/#primaryimage\"},\"image\":{\"@id\":\"https:\/\/www.unitedrentacar.cl\/pt\/politica-de-privacidade\/#primaryimage\"},\"thumbnailUrl\":\"https:\/\/www.unitedrentacar.cl\/pt\/wp-content\/uploads\/2018\/03\/privacidad.jpg\",\"datePublished\":\"2018-03-30T04:22:26+00:00\",\"dateModified\":\"2018-11-29T16:14:27+00:00\",\"inLanguage\":\"pt-BR\",\"potentialAction\":[{\"@type\":\"ReadAction\",\"target\":[\"https:\/\/www.unitedrentacar.cl\/pt\/politica-de-privacidade\/\"]}]},{\"@type\":\"ImageObject\",\"inLanguage\":\"pt-BR\",\"@id\":\"https:\/\/www.unitedrentacar.cl\/pt\/politica-de-privacidade\/#primaryimage\",\"url\":\"https:\/\/www.unitedrentacar.cl\/pt\/wp-content\/uploads\/2018\/03\/privacidad.jpg\",\"contentUrl\":\"https:\/\/www.unitedrentacar.cl\/pt\/wp-content\/uploads\/2018\/03\/privacidad.jpg\",\"width\":731,\"height\":292},{\"@type\":\"WebSite\",\"@id\":\"https:\/\/www.unitedrentacar.cl\/pt\/#website\",\"url\":\"https:\/\/www.unitedrentacar.cl\/pt\/\",\"name\":\"United Rent-A-Car\",\"description\":\"Aluguel de Carros no Chile\",\"publisher\":{\"@id\":\"https:\/\/www.unitedrentacar.cl\/pt\/#organization\"},\"potentialAction\":[{\"@type\":\"SearchAction\",\"target\":{\"@type\":\"EntryPoint\",\"urlTemplate\":\"https:\/\/www.unitedrentacar.cl\/pt\/?s={search_term_string}\"},\"query-input\":{\"@type\":\"PropertyValueSpecification\",\"valueRequired\":true,\"valueName\":\"search_term_string\"}}],\"inLanguage\":\"pt-BR\"},{\"@type\":\"Organization\",\"@id\":\"https:\/\/www.unitedrentacar.cl\/pt\/#organization\",\"name\":\"United Rent A Car\",\"url\":\"https:\/\/www.unitedrentacar.cl\/pt\/\",\"logo\":{\"@type\":\"ImageObject\",\"inLanguage\":\"pt-BR\",\"@id\":\"https:\/\/www.unitedrentacar.cl\/pt\/#\/schema\/logo\/image\/\",\"url\":\"https:\/\/www.unitedrentacar.cl\/pt\/wp-content\/uploads\/2018\/11\/logo-pt.png\",\"contentUrl\":\"https:\/\/www.unitedrentacar.cl\/pt\/wp-content\/uploads\/2018\/11\/logo-pt.png\",\"width\":277,\"height\":73,\"caption\":\"United Rent A Car\"},\"image\":{\"@id\":\"https:\/\/www.unitedrentacar.cl\/pt\/#\/schema\/logo\/image\/\"},\"sameAs\":[\"https:\/\/www.facebook.com\/unitedrentacarchile\"]}]}<\/script>\n<!-- \/ Yoast SEO plugin. -->","yoast_head_json":{"title":"Pol\u00edtica de Privacidade | United Rent-A-Car","robots":{"index":"index","follow":"follow","max-snippet":"max-snippet:-1","max-image-preview":"max-image-preview:large","max-video-preview":"max-video-preview:-1"},"canonical":"https:\/\/www.unitedrentacar.cl\/pt\/politica-de-privacidade\/","og_locale":"pt_BR","og_type":"article","og_title":"Pol\u00edtica de Privacidade | United Rent-A-Car","og_description":"Pol\u00edtica de Privacidade Esta pol\u00edtica de privacidade foi desenvolvida para o melhor atendimento das pessoas que estejam preocupadas de como suas informa\u00e7\u00f5es de identifica\u00e7\u00e3o pessoais (IIP) \u00e9 utilizado em linha. IIP \u00e9 informa\u00e7\u00e3o que pode ser utilizada para identificar, contatar [&hellip;]","og_url":"https:\/\/www.unitedrentacar.cl\/pt\/politica-de-privacidade\/","og_site_name":"United Rent-A-Car","article_publisher":"https:\/\/www.facebook.com\/unitedrentacarchile","article_modified_time":"2018-11-29T16:14:27+00:00","og_image":[{"width":731,"height":292,"url":"https:\/\/www.unitedrentacar.cl\/pt\/wp-content\/uploads\/2018\/03\/privacidad.jpg","type":"image\/jpeg"}],"twitter_card":"summary_large_image","twitter_misc":{"Est. tempo de leitura":"9 minutos"},"schema":{"@context":"https:\/\/schema.org","@graph":[{"@type":"WebPage","@id":"https:\/\/www.unitedrentacar.cl\/pt\/politica-de-privacidade\/","url":"https:\/\/www.unitedrentacar.cl\/pt\/politica-de-privacidade\/","name":"Pol\u00edtica de Privacidade | United Rent-A-Car","isPartOf":{"@id":"https:\/\/www.unitedrentacar.cl\/pt\/#website"},"primaryImageOfPage":{"@id":"https:\/\/www.unitedrentacar.cl\/pt\/politica-de-privacidade\/#primaryimage"},"image":{"@id":"https:\/\/www.unitedrentacar.cl\/pt\/politica-de-privacidade\/#primaryimage"},"thumbnailUrl":"https:\/\/www.unitedrentacar.cl\/pt\/wp-content\/uploads\/2018\/03\/privacidad.jpg","datePublished":"2018-03-30T04:22:26+00:00","dateModified":"2018-11-29T16:14:27+00:00","inLanguage":"pt-BR","potentialAction":[{"@type":"ReadAction","target":["https:\/\/www.unitedrentacar.cl\/pt\/politica-de-privacidade\/"]}]},{"@type":"ImageObject","inLanguage":"pt-BR","@id":"https:\/\/www.unitedrentacar.cl\/pt\/politica-de-privacidade\/#primaryimage","url":"https:\/\/www.unitedrentacar.cl\/pt\/wp-content\/uploads\/2018\/03\/privacidad.jpg","contentUrl":"https:\/\/www.unitedrentacar.cl\/pt\/wp-content\/uploads\/2018\/03\/privacidad.jpg","width":731,"height":292},{"@type":"WebSite","@id":"https:\/\/www.unitedrentacar.cl\/pt\/#website","url":"https:\/\/www.unitedrentacar.cl\/pt\/","name":"United Rent-A-Car","description":"Aluguel de Carros no Chile","publisher":{"@id":"https:\/\/www.unitedrentacar.cl\/pt\/#organization"},"potentialAction":[{"@type":"SearchAction","target":{"@type":"EntryPoint","urlTemplate":"https:\/\/www.unitedrentacar.cl\/pt\/?s={search_term_string}"},"query-input":{"@type":"PropertyValueSpecification","valueRequired":true,"valueName":"search_term_string"}}],"inLanguage":"pt-BR"},{"@type":"Organization","@id":"https:\/\/www.unitedrentacar.cl\/pt\/#organization","name":"United Rent A Car","url":"https:\/\/www.unitedrentacar.cl\/pt\/","logo":{"@type":"ImageObject","inLanguage":"pt-BR","@id":"https:\/\/www.unitedrentacar.cl\/pt\/#\/schema\/logo\/image\/","url":"https:\/\/www.unitedrentacar.cl\/pt\/wp-content\/uploads\/2018\/11\/logo-pt.png","contentUrl":"https:\/\/www.unitedrentacar.cl\/pt\/wp-content\/uploads\/2018\/11\/logo-pt.png","width":277,"height":73,"caption":"United Rent A Car"},"image":{"@id":"https:\/\/www.unitedrentacar.cl\/pt\/#\/schema\/logo\/image\/"},"sameAs":["https:\/\/www.facebook.com\/unitedrentacarchile"]}]}},"_links":{"self":[{"href":"https:\/\/www.unitedrentacar.cl\/pt\/wp-json\/wp\/v2\/pages\/3666","targetHints":{"allow":["GET"]}}],"collection":[{"href":"https:\/\/www.unitedrentacar.cl\/pt\/wp-json\/wp\/v2\/pages"}],"about":[{"href":"https:\/\/www.unitedrentacar.cl\/pt\/wp-json\/wp\/v2\/types\/page"}],"author":[{"embeddable":true,"href":"https:\/\/www.unitedrentacar.cl\/pt\/wp-json\/wp\/v2\/users\/2"}],"replies":[{"embeddable":true,"href":"https:\/\/www.unitedrentacar.cl\/pt\/wp-json\/wp\/v2\/comments?post=3666"}],"version-history":[{"count":7,"href":"https:\/\/www.unitedrentacar.cl\/pt\/wp-json\/wp\/v2\/pages\/3666\/revisions"}],"predecessor-version":[{"id":5031,"href":"https:\/\/www.unitedrentacar.cl\/pt\/wp-json\/wp\/v2\/pages\/3666\/revisions\/5031"}],"wp:featuredmedia":[{"embeddable":true,"href":"https:\/\/www.unitedrentacar.cl\/pt\/wp-json\/wp\/v2\/media\/3668"}],"wp:attachment":[{"href":"https:\/\/www.unitedrentacar.cl\/pt\/wp-json\/wp\/v2\/media?parent=3666"}],"curies":[{"name":"wp","href":"https:\/\/api.w.org\/{rel}","templated":true}]}}