{"id":3075,"date":"2017-01-26T08:56:45","date_gmt":"2017-01-26T08:56:45","guid":{"rendered":"https:\/\/www.unitedrentacar.cl\/pt\/?page_id=3075"},"modified":"2025-10-09T16:16:04","modified_gmt":"2025-10-09T19:16:04","slug":"home-1","status":"publish","type":"page","link":"https:\/\/www.unitedrentacar.cl\/pt\/","title":{"rendered":"Aluguel de Carros no Chile"},"content":{"rendered":"<div  class=\"one withsmallpadding ppb_header withbg \" style=\"padding-top: 50px !important; background-size: cover !important;background-image:url(https:\/\/www.unitedrentacar.cl\/pt\/wp-content\/uploads\/2024\/12\/home-hero-widget.jpg);background-position: center center;text-align:center;padding:50px 0 50px 0;color:#ffffff;\" >\n<div class=\"standard_wrapper\">\n<div class=\"page_content_wrapper\">\n<div class=\"inner\">\n<div style=\"margin:auto;width:100%\">\n<div class=\"ppb_header_content\">\n<div class=\"box-reserva q\" style=\"z-index:1001;\">\n<div id=\"wheelsbook\" class=\"bookEngRoot\"><\/div>\n<\/div>\n<\/div>\n<\/div>\n<\/div>\n<\/div>\n<\/div>\n<\/div>\n<div  class=\"one withsmallpadding ppb_text\" style=\"text-align:center;padding:40px 0 40px 0;\" >\n<div class=\"standard_wrapper\">\n<div class=\"page_content_wrapper\">\n<div class=\"inner\">\n<div style=\"margin:auto;width:100%\">\n<ul class=\"ewebera_list\">\n<li class=\"one_half grid4\">\n<div class=\"image_classic_frame expand\">\n<div class=\"image_wrapper\"><a href=\"https:\/\/www.unitedrentacar.cl\/pt\/contato\/\"><img decoding=\"async\" class=\"portfolio_img\" src=\"https:\/\/www.unitedrentacar.cl\/pt\/wp-content\/uploads\/2024\/12\/banner-sucursais.png\" alt=\"Check our operating hours here\" \/><\/a><\/div>\n<\/div>\n<\/li>\n<li class=\"one_half last grid4\">\n<div class=\"image_classic_frame expand\">\n<div class=\"image_wrapper\"><a href=\"https:\/\/www.unitedrentacar.cl\/pt\/servicos-coberturas\/\"><img decoding=\"async\" class=\"portfolio_img\" src=\"https:\/\/www.unitedrentacar.cl\/pt\/wp-content\/uploads\/2024\/12\/banner-servicos-opcionais.png\" alt=\"Enrich your road trip with optional coverages and services\" \/><\/a><\/div>\n<\/div>\n<\/li>\n<\/ul>\n<\/div>\n<\/div>\n<\/div>\n<\/div>\n<\/div>\n<div  class=\"one withsmallpadding ppb_text\" style=\"text-align:center;padding:10px 0 10px 0;color:#ffffff !important;\" >\n<div class=\"standard_wrapper\">\n<div class=\"page_content_wrapper\">\n<div class=\"inner\">\n<div style=\"margin:auto;width:100%\">\n<p><span style=\"font-size: 55px; font-weight: normal; color: #3f32be; text-align: center; line-height: normal;\">Flexibilidade total<\/span><br \/>\n<span style=\"font-size: 20px; font-weight: normal; color: #000000; text-align: center; line-height: normal;\">Reserve com tranquilidade e cancele sem custos<\/span><br \/>\n<span style=\"font-size: 17px; font-weight: normal; color: #3f32be; text-align: center; line-height: normal;\">Cancelamento gratuito at\u00e9 24 horas antes do seu aluguel<\/span><\/p>\n<\/div>\n<\/div>\n<\/div>\n<\/div>\n<\/div>\n<div  class=\"one withsmallpadding ppb_text\" style=\"background-image:url(&#039;https:\/\/www.unitedrentacar.cl\/pt\/wp-content\/uploads\/2024\/12\/porque-elegir-united.jpg&#039;); background-repeat:no-repeat; background-size:cover;text-align:left;padding:0px 0 0px 0;background-color:#4032be;color:#ffffff !important;\" >\n<div class=\"standard_wrapper\">\n<div class=\"page_content_wrapper\">\n<div class=\"inner\">\n<div style=\"margin:auto;width:100%\">\n<h2 style=\"font-size: 40px; font-weight: normal; color: #ffffff; text-align: center; margin-top: 1em; margin-bottom: 1em;\">Por que escolher a United Rent A Car?<\/h2>\n<div class=\"one_fourth \" style=\"\">\n<img decoding=\"async\" style=\"width: 40px;\" src=\"https:\/\/www.unitedrentacar.cl\/pt\/wp-content\/uploads\/2024\/12\/home-number-1b.png\" alt=\"Raz\u00f3n #1\" \/><\/p>\n<p style=\"font-size: 26px; font-weight: bold; color: #ffffff; text-align: left; line-height: normal;\">A melhor frota de loca\u00e7\u00e3o do Chile<\/p>\n<p style=\"font-size: 16px; color: #ffffff; text-align: left; line-height: normal;\">A United Rent A Car tem um ve\u00edculo de \u00faltima gera\u00e7\u00e3o para atender a todas as necessidades \u2014 carros de todos os tamanhos, utilit\u00e1rios esportivos, minivans, picapes e furg\u00f5es de carga.<\/p>\n<\/div>\n<div class=\"one_fourth \" style=\"\">\n<img decoding=\"async\" style=\"width: 40px;\" src=\"https:\/\/www.unitedrentacar.cl\/pt\/wp-content\/uploads\/2024\/12\/home-number-2b.png\" alt=\"Raz\u00f3n #1\" \/><\/p>\n<p style=\"font-size: 26px; font-weight: bold; color: #ffffff; text-align: left; line-height: normal;\">O melhor pre\u00e7o e servi\u00e7o personalizado<\/p>\n<p style=\"font-size: 16px; color: #ffffff; text-align: left; line-height: normal;\">Os viajantes com or\u00e7amento limitado apreciar\u00e3o nossos pre\u00e7os sem surpresas e servi\u00e7o personalizado.<\/p>\n<\/div>\n<div class=\"one_fourth \" style=\"\">\n<img decoding=\"async\" style=\"width: 40px;\" src=\"https:\/\/www.unitedrentacar.cl\/pt\/wp-content\/uploads\/2024\/12\/home-number-3b.png\" alt=\"Raz\u00f3n #1\" \/><\/p>\n<p style=\"font-size: 26px; font-weight: bold; color: #ffffff; text-align: left; line-height: normal;\">Reserve seu carro com seguran\u00e7a on-line<\/p>\n<p style=\"font-size: 16px; color: #ffffff; text-align: left; line-height: normal;\">Nosso sistema de reservas on-line permite que voc\u00ea fa\u00e7a cota\u00e7\u00f5es sem compromisso, veja a disponibilidade em tempo real e fa\u00e7a uma reserva em alguns minutos.<\/p>\n<\/div>\n<div class=\"one_fourth last \" style=\"\">\n<img decoding=\"async\" style=\"width: 40px;\" src=\"https:\/\/www.unitedrentacar.cl\/pt\/wp-content\/uploads\/2024\/12\/home-number-4b.png\" alt=\"Raz\u00f3n #1\" \/><\/p>\n<p style=\"font-size: 26px; font-weight: bold; color: #ffffff; text-align: left; line-height: normal;\">Pre\u00e7os transparentes, sem surpresas<\/p>\n<p style=\"font-size: 16px; color: #ffffff; text-align: left; line-height: normal;\">No United, os pre\u00e7os cotados incluem todos os encargos. N\u00e3o h\u00e1 surpresas desagrad\u00e1veis \u200b\u200bquando voc\u00ea pega seu carro \u2013 garantido!<\/p>\n<\/div>\n<p><br class=\"clear\"\/><\/p>\n<\/div>\n<\/div>\n<\/div>\n<\/div>\n<\/div>\n<div  class=\"one ppb_image_fullwidth\" style=\"padding:0px 0 0px 0;\" >\n<div class=\"one withbg\" style=\"background-image:url(https:\/\/www.unitedrentacar.cl\/pt\/wp-content\/uploads\/2024\/12\/home-image-footer.jpg);background-size:cover;background-position:center center;height:260px;position:relative;\"><\/div>\n<\/div>\n<div  class=\"one withsmallpadding ppb_text\" style=\"text-align:center;padding:30px 0 30px 0;background-color:#4032be;color:#ffffff !important;\" >\n<div class=\"standard_wrapper\">\n<div class=\"page_content_wrapper\">\n<div class=\"inner\">\n<div style=\"margin:auto;width:100%\">\n<p><img decoding=\"async\" style=\"display: block; margin-left: auto; margin-right: auto; height: 100px;\" src=\"https:\/\/www.unitedrentacar.cl\/pt\/wp-content\/uploads\/2024\/12\/icon-contacto.png\" alt=\"Icono cont\u00e1ctanos\" \/><\/p>\n<div style=\"line-height: normal; text-align: center;\">\n<h2 style=\"font-size: 30px; font-weight: bold; color: #ffffff;\">Saiba mais ou Contate-Nos<\/h2>\n<p><span style=\"color: #84ed84; font-size: 30px; font-weight: 400;\">TEL +56 22 737 9650 \u00b7 info@unitedrentacar.cl<\/span><\/p>\n<\/div>\n<\/div>\n<\/div>\n<\/div>\n<\/div>\n<\/div>\n<div  class=\"one withsmallpadding ppb_text\" style=\"text-align:left;padding:0px 0 0px 0;background-color:#4032be;color:#ffffff !important;\" >\n<div class=\"standard_wrapper\">\n<div class=\"page_content_wrapper\">\n<div class=\"inner\">\n<div style=\"margin:auto;width:100%\">\n<div class=\"one_fourth \" style=\"\">\n<p><a style=\"text-decoration: none;\" href=\"https:\/\/unitedrentacar.online\/scl-2022\" target=\"_blank\" rel=\"noopener noreferrer\"><span style=\"color: #84ed84; font-weight: bold; font-size: 16px;\">SANTIAGO AEROPORTO<\/span><\/a><br \/>\n<span style=\"color: white; font-weight: normal; font-size: 1em;\">Balc\u00f5es nos terminais T1 e T2<br \/>\nSiga as placas &#8220;Rent a Car&#8221;<\/span><\/p>\n<\/div>\n<div class=\"one_fourth \" style=\"\">\n<p><a style=\"text-decoration: none;\" href=\"https:\/\/unitedrentacar.online\/bellavista-0195\" target=\"_blank\" rel=\"noopener noreferrer\"><span style=\"color: #84ed84; font-weight: bold; font-size: 16px;\">SANTIAGO BELLAVISTA<\/span><\/a><br \/>\n<span style=\"color: white; font-weight: normal; font-size: 1em;\">Bellavista 0195 \u00b7 Providencia<br \/>\nMetro Baquedano<\/span><\/p>\n<\/div>\n<div class=\"one_fourth \" style=\"\">\n<p><a style=\"text-decoration: none;\" href=\"https:\/\/unitedrentacar.online\/renato-sanchez-4335\" target=\"_blank\" rel=\"noopener noreferrer\"><span style=\"color: #84ed84; font-weight: bold; font-size: 16px;\">SANTIAGO LAS CONDES<\/span><\/a><br \/>\n<span style=\"color: white; font-weight: normal; font-size: 1em;\">Renato S\u00e1nchez 4335 Nivel -2<br \/>\nLas Condes \u00b7 Metro Escuela Militar<\/span><\/p>\n<\/div>\n<div class=\"one_fourth last \" style=\"\">\n<p><a style=\"text-decoration: none;\" href=\"https:\/\/unitedrentacar.online\/barcelona-2077\" target=\"_blank\" rel=\"noopener noreferrer\"><span style=\"color: #84ed84; font-weight: bold; font-size: 16px;\">SANTIAGO PROVIDENCIA<\/span><\/a><br \/>\n<span style=\"color: white; font-weight: normal; font-size: 1em;\">Barcelona 2077 \u00b7 Providencia<br \/>\nMetro Pedro de Valdivia<\/span><\/p>\n<\/div>\n<p><br class=\"clear\"\/><\/p>\n<\/div>\n<\/div>\n<\/div>\n<\/div>\n<\/div>\n<div  class=\"one withsmallpadding ppb_text\" style=\"text-align:left;padding:0px 0 0px 0;background-color:#4032be;color:#ffffff !important;\" >\n<div class=\"standard_wrapper\">\n<div class=\"page_content_wrapper\">\n<div class=\"inner\">\n<div style=\"margin:auto;width:100%\">\n<div class=\"one_fourth \" style=\"\">\n<p><a style=\"text-decoration: none;\" href=\"https:\/\/unitedrentacar.online\/curico-360\" target=\"_blank\" rel=\"noopener noreferrer\"><span style=\"color: #84ed84; font-weight: bold; font-size: 16px;\">SANTIAGO CENTRO<\/span><\/a><br \/>\n<span style=\"color: white; font-weight: normal; font-size: 1em;\">Curic\u00f3 360 \u00b7 Santiago<br \/>\nMetro U Cat\u00f3lica (L1) y P. Bustamante (L5)<\/span><\/p>\n<\/div>\n<div class=\"one_fourth \" style=\"\">\n<p><a style=\"text-decoration: none;\" href=\"https:\/\/unitedrentacar.online\/gran-avenida-5428\" target=\"_blank\" rel=\"noopener noreferrer\"><span style=\"color: #84ed84; font-weight: bold; font-size: 16px;\">SANTIAGO SAN MIGUEL<\/span><\/a><br \/>\n<span style=\"color: white; font-weight: normal; font-size: 1em;\">Gran Avenica 5428 \u00b7 San Miguel<br \/>\nMetro Departamental (L2)<\/span><\/p>\n<\/div>\n<div class=\"one_fourth \" style=\"\">\n<p><a style=\"text-decoration: none;\" href=\"https:\/\/unitedrentacar.online\/antofagasta-aeropuerto\" target=\"_blank\" rel=\"noopener noreferrer\"><span style=\"color: #84ed84; font-weight: bold; font-size: 16px;\">ANTOFAGASTA AEROPORTO<\/span><\/a><br \/>\n<span style=\"color: white; font-weight: normal; font-size: 1em;\">Aeroporto Andr\u00e9s Sabella G\u00e1lvez (ANF)<br \/>\nHall de Chegadas<\/span><\/p>\n<\/div>\n<div class=\"one_fourth last \" style=\"\">\n<p><a style=\"text-decoration: none;\" href=\"https:\/\/unitedrentacar.online\/calama-3qf\" target=\"_blank\" rel=\"noopener noreferrer\"><span style=\"color: #84ed84; font-weight: bold; font-size: 16px;\">CALAMA AEROPORTO<\/span><\/a><br \/>\n<span style=\"color: white; font-weight: normal; font-size: 1em;\">Aeroporto El Loa (CJC)<br \/>\nHall de Chegadas<\/span><\/p>\n<\/div>\n<p><br class=\"clear\"\/><\/p>\n<\/div>\n<\/div>\n<\/div>\n<\/div>\n<\/div>\n<div  class=\"one withsmallpadding ppb_text\" style=\"text-align:left;padding:0px 0 0px 0;background-color:#4032be;color:#ffffff !important;\" >\n<div class=\"standard_wrapper\">\n<div class=\"page_content_wrapper\">\n<div class=\"inner\">\n<div style=\"margin:auto;width:100%\">\n<div class=\"one_fourth \" style=\"\">\n<p><a style=\"text-decoration: none;\" href=\"https:\/\/unitedrentacar.online\/concepcion-carriel-sur\" target=\"_blank\" rel=\"noopener noreferrer\"><span style=\"color: #84ed84; font-weight: bold; font-size: 16px;\">CONCEPCI\u00d3N AEROPORTO<\/span><\/a><br \/>\n<span style=\"color: white; font-weight: normal; font-size: 1em;\">Aeroporto Carriel Sur (CCP)<br \/>\nHall de Chegadas<\/span><\/p>\n<\/div>\n<div class=\"one_fourth \" style=\"\">\n<p><a style=\"text-decoration: none;\" href=\"https:\/\/unitedrentacar.online\/concepcion-centro\" target=\"_blank\" rel=\"noopener noreferrer\"><span style=\"color: #84ed84; font-weight: bold; font-size: 16px;\">CONCEPCI\u00d3N CENTRO<\/span><\/a><br \/>\n<span style=\"color: white; font-weight: normal; font-size: 1em;\">San Mart\u00edn Poniente 37<br \/>\nConcepci\u00f3n<\/span><\/p>\n<\/div>\n<div class=\"one_fourth \" style=\"\">\n<p><a style=\"text-decoration: none;\" href=\"https:\/\/unitedrentacar.online\/temuco-zco\" target=\"_blank\" rel=\"noopener noreferrer\"><span style=\"color: #84ed84; font-weight: bold; font-size: 16px;\">TEMUCO AEROPORTO<\/span><\/a><br \/>\n<span style=\"color: white; font-weight: normal; font-size: 1em;\">Aeroporto La Araucan\u00eda (ZCO)<br \/>\nHall de Chegadas<\/span><\/p>\n<\/div>\n<div class=\"one_fourth last \" style=\"\">\n<p><a style=\"text-decoration: none;\" href=\"https:\/\/unitedrentacar.online\/puerto-montt-pmc\" target=\"_blank\" rel=\"noopener noreferrer\"><span style=\"color: #84ed84; font-weight: bold; font-size: 16px;\">PUERTO MONTT AEROPORTO<\/span><\/a><br \/>\n<span style=\"color: white; font-weight: normal; font-size: 1em;\">Aeroporto El Tepual (PMC)<br \/>\nHall de Chegadas<\/span><\/p>\n<\/div>\n<p><br class=\"clear\"\/><\/p>\n<\/div>\n<\/div>\n<\/div>\n<\/div>\n<\/div>\n","protected":false},"excerpt":{"rendered":"<p>Flexibilidade total Reserve com tranquilidade e cancele sem custos Cancelamento gratuito at\u00e9 24 horas antes do seu aluguel Por que escolher a United Rent A Car? A melhor frota de loca\u00e7\u00e3o do Chile A United Rent A Car tem um [&hellip;]<\/p>\n","protected":false},"author":2,"featured_media":0,"parent":0,"menu_order":0,"comment_status":"closed","ping_status":"closed","template":"","meta":{"_acf_changed":false,"_monsterinsights_skip_tracking":false,"_monsterinsights_sitenote_active":false,"_monsterinsights_sitenote_note":"","_monsterinsights_sitenote_category":0,"footnotes":""},"class_list":["post-3075","page","type-page","status-publish","hentry"],"acf":[],"yoast_head":"<!-- This site is optimized with the Yoast SEO plugin v27.1.1 - https:\/\/yoast.com\/product\/yoast-seo-wordpress\/ -->\n<title>Aluguel de Carros no Chile | United Rent-A-Car<\/title>\n<meta name=\"description\" content=\"Alugamos carros do ano a pre\u00e7os muito econ\u00f4micos em Santiago e Puerto Montt. Clique aqui para fazer seu or\u00e7amento sem obriga\u00e7\u00e3o on-line agora.\" \/>\n<meta name=\"robots\" content=\"index, follow, max-snippet:-1, max-image-preview:large, max-video-preview:-1\" \/>\n<link rel=\"canonical\" href=\"https:\/\/www.unitedrentacar.cl\/pt\/\" \/>\n<meta property=\"og:locale\" content=\"pt_BR\" \/>\n<meta property=\"og:type\" content=\"article\" \/>\n<meta property=\"og:title\" content=\"Aluguel de Carros no Chile | United Rent-A-Car\" \/>\n<meta property=\"og:description\" content=\"Alugamos carros do ano a pre\u00e7os muito econ\u00f4micos em Santiago e Puerto Montt. Clique aqui para fazer seu or\u00e7amento sem obriga\u00e7\u00e3o on-line agora.\" \/>\n<meta property=\"og:url\" content=\"https:\/\/www.unitedrentacar.cl\/pt\/\" \/>\n<meta property=\"og:site_name\" content=\"United Rent-A-Car\" \/>\n<meta property=\"article:publisher\" content=\"https:\/\/www.facebook.com\/unitedrentacarchile\" \/>\n<meta property=\"article:modified_time\" content=\"2025-10-09T19:16:04+00:00\" \/>\n<meta property=\"og:image\" content=\"https:\/\/www.unitedrentacar.cl\/pt\/wp-content\/uploads\/2024\/12\/banner-sucursais.png\" \/>\n<meta name=\"twitter:card\" content=\"summary_large_image\" \/>\n<meta name=\"twitter:label1\" content=\"Est. tempo de leitura\" \/>\n\t<meta name=\"twitter:data1\" content=\"3 minutos\" \/>\n<script type=\"application\/ld+json\" class=\"yoast-schema-graph\">{\"@context\":\"https:\/\/schema.org\",\"@graph\":[{\"@type\":\"WebPage\",\"@id\":\"https:\/\/www.unitedrentacar.cl\/pt\/\",\"url\":\"https:\/\/www.unitedrentacar.cl\/pt\/\",\"name\":\"Aluguel de Carros no Chile | United Rent-A-Car\",\"isPartOf\":{\"@id\":\"https:\/\/www.unitedrentacar.cl\/pt\/#website\"},\"primaryImageOfPage\":{\"@id\":\"https:\/\/www.unitedrentacar.cl\/pt\/#primaryimage\"},\"image\":{\"@id\":\"https:\/\/www.unitedrentacar.cl\/pt\/#primaryimage\"},\"thumbnailUrl\":\"https:\/\/www.unitedrentacar.cl\/pt\/wp-content\/uploads\/2024\/12\/banner-sucursais.png\",\"datePublished\":\"2017-01-26T08:56:45+00:00\",\"dateModified\":\"2025-10-09T19:16:04+00:00\",\"description\":\"Alugamos carros do ano a pre\u00e7os muito econ\u00f4micos em Santiago e Puerto Montt. Clique aqui para fazer seu or\u00e7amento sem obriga\u00e7\u00e3o on-line agora.\",\"inLanguage\":\"pt-BR\",\"potentialAction\":[{\"@type\":\"ReadAction\",\"target\":[\"https:\/\/www.unitedrentacar.cl\/pt\/\"]}]},{\"@type\":\"ImageObject\",\"inLanguage\":\"pt-BR\",\"@id\":\"https:\/\/www.unitedrentacar.cl\/pt\/#primaryimage\",\"url\":\"https:\/\/www.unitedrentacar.cl\/pt\/wp-content\/uploads\/2024\/12\/banner-sucursais.png\",\"contentUrl\":\"https:\/\/www.unitedrentacar.cl\/pt\/wp-content\/uploads\/2024\/12\/banner-sucursais.png\",\"width\":691,\"height\":406},{\"@type\":\"WebSite\",\"@id\":\"https:\/\/www.unitedrentacar.cl\/pt\/#website\",\"url\":\"https:\/\/www.unitedrentacar.cl\/pt\/\",\"name\":\"United Rent-A-Car\",\"description\":\"Aluguel de Carros no Chile\",\"publisher\":{\"@id\":\"https:\/\/www.unitedrentacar.cl\/pt\/#organization\"},\"potentialAction\":[{\"@type\":\"SearchAction\",\"target\":{\"@type\":\"EntryPoint\",\"urlTemplate\":\"https:\/\/www.unitedrentacar.cl\/pt\/?s={search_term_string}\"},\"query-input\":{\"@type\":\"PropertyValueSpecification\",\"valueRequired\":true,\"valueName\":\"search_term_string\"}}],\"inLanguage\":\"pt-BR\"},{\"@type\":\"Organization\",\"@id\":\"https:\/\/www.unitedrentacar.cl\/pt\/#organization\",\"name\":\"United Rent A Car\",\"url\":\"https:\/\/www.unitedrentacar.cl\/pt\/\",\"logo\":{\"@type\":\"ImageObject\",\"inLanguage\":\"pt-BR\",\"@id\":\"https:\/\/www.unitedrentacar.cl\/pt\/#\/schema\/logo\/image\/\",\"url\":\"https:\/\/www.unitedrentacar.cl\/pt\/wp-content\/uploads\/2018\/11\/logo-pt.png\",\"contentUrl\":\"https:\/\/www.unitedrentacar.cl\/pt\/wp-content\/uploads\/2018\/11\/logo-pt.png\",\"width\":277,\"height\":73,\"caption\":\"United Rent A Car\"},\"image\":{\"@id\":\"https:\/\/www.unitedrentacar.cl\/pt\/#\/schema\/logo\/image\/\"},\"sameAs\":[\"https:\/\/www.facebook.com\/unitedrentacarchile\"]}]}<\/script>\n<!-- \/ Yoast SEO plugin. -->","yoast_head_json":{"title":"Aluguel de Carros no Chile | United Rent-A-Car","description":"Alugamos carros do ano a pre\u00e7os muito econ\u00f4micos em Santiago e Puerto Montt. Clique aqui para fazer seu or\u00e7amento sem obriga\u00e7\u00e3o on-line agora.","robots":{"index":"index","follow":"follow","max-snippet":"max-snippet:-1","max-image-preview":"max-image-preview:large","max-video-preview":"max-video-preview:-1"},"canonical":"https:\/\/www.unitedrentacar.cl\/pt\/","og_locale":"pt_BR","og_type":"article","og_title":"Aluguel de Carros no Chile | United Rent-A-Car","og_description":"Alugamos carros do ano a pre\u00e7os muito econ\u00f4micos em Santiago e Puerto Montt. Clique aqui para fazer seu or\u00e7amento sem obriga\u00e7\u00e3o on-line agora.","og_url":"https:\/\/www.unitedrentacar.cl\/pt\/","og_site_name":"United Rent-A-Car","article_publisher":"https:\/\/www.facebook.com\/unitedrentacarchile","article_modified_time":"2025-10-09T19:16:04+00:00","og_image":[{"url":"https:\/\/www.unitedrentacar.cl\/pt\/wp-content\/uploads\/2024\/12\/banner-sucursais.png","type":"","width":"","height":""}],"twitter_card":"summary_large_image","twitter_misc":{"Est. tempo de leitura":"3 minutos"},"schema":{"@context":"https:\/\/schema.org","@graph":[{"@type":"WebPage","@id":"https:\/\/www.unitedrentacar.cl\/pt\/","url":"https:\/\/www.unitedrentacar.cl\/pt\/","name":"Aluguel de Carros no Chile | United Rent-A-Car","isPartOf":{"@id":"https:\/\/www.unitedrentacar.cl\/pt\/#website"},"primaryImageOfPage":{"@id":"https:\/\/www.unitedrentacar.cl\/pt\/#primaryimage"},"image":{"@id":"https:\/\/www.unitedrentacar.cl\/pt\/#primaryimage"},"thumbnailUrl":"https:\/\/www.unitedrentacar.cl\/pt\/wp-content\/uploads\/2024\/12\/banner-sucursais.png","datePublished":"2017-01-26T08:56:45+00:00","dateModified":"2025-10-09T19:16:04+00:00","description":"Alugamos carros do ano a pre\u00e7os muito econ\u00f4micos em Santiago e Puerto Montt. Clique aqui para fazer seu or\u00e7amento sem obriga\u00e7\u00e3o on-line agora.","inLanguage":"pt-BR","potentialAction":[{"@type":"ReadAction","target":["https:\/\/www.unitedrentacar.cl\/pt\/"]}]},{"@type":"ImageObject","inLanguage":"pt-BR","@id":"https:\/\/www.unitedrentacar.cl\/pt\/#primaryimage","url":"https:\/\/www.unitedrentacar.cl\/pt\/wp-content\/uploads\/2024\/12\/banner-sucursais.png","contentUrl":"https:\/\/www.unitedrentacar.cl\/pt\/wp-content\/uploads\/2024\/12\/banner-sucursais.png","width":691,"height":406},{"@type":"WebSite","@id":"https:\/\/www.unitedrentacar.cl\/pt\/#website","url":"https:\/\/www.unitedrentacar.cl\/pt\/","name":"United Rent-A-Car","description":"Aluguel de Carros no Chile","publisher":{"@id":"https:\/\/www.unitedrentacar.cl\/pt\/#organization"},"potentialAction":[{"@type":"SearchAction","target":{"@type":"EntryPoint","urlTemplate":"https:\/\/www.unitedrentacar.cl\/pt\/?s={search_term_string}"},"query-input":{"@type":"PropertyValueSpecification","valueRequired":true,"valueName":"search_term_string"}}],"inLanguage":"pt-BR"},{"@type":"Organization","@id":"https:\/\/www.unitedrentacar.cl\/pt\/#organization","name":"United Rent A Car","url":"https:\/\/www.unitedrentacar.cl\/pt\/","logo":{"@type":"ImageObject","inLanguage":"pt-BR","@id":"https:\/\/www.unitedrentacar.cl\/pt\/#\/schema\/logo\/image\/","url":"https:\/\/www.unitedrentacar.cl\/pt\/wp-content\/uploads\/2018\/11\/logo-pt.png","contentUrl":"https:\/\/www.unitedrentacar.cl\/pt\/wp-content\/uploads\/2018\/11\/logo-pt.png","width":277,"height":73,"caption":"United Rent A Car"},"image":{"@id":"https:\/\/www.unitedrentacar.cl\/pt\/#\/schema\/logo\/image\/"},"sameAs":["https:\/\/www.facebook.com\/unitedrentacarchile"]}]}},"_links":{"self":[{"href":"https:\/\/www.unitedrentacar.cl\/pt\/wp-json\/wp\/v2\/pages\/3075","targetHints":{"allow":["GET"]}}],"collection":[{"href":"https:\/\/www.unitedrentacar.cl\/pt\/wp-json\/wp\/v2\/pages"}],"about":[{"href":"https:\/\/www.unitedrentacar.cl\/pt\/wp-json\/wp\/v2\/types\/page"}],"author":[{"embeddable":true,"href":"https:\/\/www.unitedrentacar.cl\/pt\/wp-json\/wp\/v2\/users\/2"}],"replies":[{"embeddable":true,"href":"https:\/\/www.unitedrentacar.cl\/pt\/wp-json\/wp\/v2\/comments?post=3075"}],"version-history":[{"count":94,"href":"https:\/\/www.unitedrentacar.cl\/pt\/wp-json\/wp\/v2\/pages\/3075\/revisions"}],"predecessor-version":[{"id":5786,"href":"https:\/\/www.unitedrentacar.cl\/pt\/wp-json\/wp\/v2\/pages\/3075\/revisions\/5786"}],"wp:attachment":[{"href":"https:\/\/www.unitedrentacar.cl\/pt\/wp-json\/wp\/v2\/media?parent=3075"}],"curies":[{"name":"wp","href":"https:\/\/api.w.org\/{rel}","templated":true}]}}